{"id":1638,"date":"2025-02-28T11:24:55","date_gmt":"2025-02-28T11:24:55","guid":{"rendered":"https:\/\/xyte-mobility.com\/impressum\/"},"modified":"2026-02-13T15:44:55","modified_gmt":"2026-02-13T15:44:55","slug":"impressum","status":"publish","type":"page","link":"https:\/\/xyte-mobility.com\/de\/impressum\/","title":{"rendered":"Impressum"},"content":{"rendered":"\t\t<div data-elementor-type=\"wp-page\" data-elementor-id=\"1638\" class=\"elementor elementor-1638 elementor-2\" data-elementor-post-type=\"page\">\n\t\t\t\t<div class=\"elementor-element elementor-element-260d7a8e e-con-full e-flex e-con e-parent\" data-id=\"260d7a8e\" data-element_type=\"container\">\n\t\t\t\t<div class=\"elementor-element elementor-element-ee9eedd elementor-widget elementor-widget-heading\" data-id=\"ee9eedd\" data-element_type=\"widget\" data-widget_type=\"heading.default\">\n\t\t\t\t\t<h2 class=\"elementor-heading-title elementor-size-default\">Impressum<\/h2>\t\t\t\t<\/div>\n\t\t\t\t<\/div>\n\t\t<div class=\"elementor-element elementor-element-dd0fb5f e-flex e-con-boxed e-con e-parent\" data-id=\"dd0fb5f\" data-element_type=\"container\">\n\t\t\t\t\t<div class=\"e-con-inner\">\n\t\t\t\t<div class=\"elementor-element elementor-element-145034d elementor-widget elementor-widget-text-editor\" data-id=\"145034d\" data-element_type=\"widget\" data-widget_type=\"text-editor.default\">\n\t\t\t\t\t\t\t\t\t<p class=\"p1\">Angaben gem\u00e4\u00df \u00a7 5 TMG:<\/p>\t\t\t\t\t\t\t\t<\/div>\n\t\t\t\t\t<\/div>\n\t\t\t\t<\/div>\n\t\t<div class=\"elementor-element elementor-element-c2fbd2a e-flex e-con-boxed e-con e-parent\" data-id=\"c2fbd2a\" data-element_type=\"container\">\n\t\t\t\t\t<div class=\"e-con-inner\">\n\t\t\t\t<div class=\"elementor-element elementor-element-8dfc513 elementor-widget elementor-widget-text-editor\" data-id=\"8dfc513\" data-element_type=\"widget\" data-widget_type=\"text-editor.default\">\n\t\t\t\t\t\t\t\t\t<p dir=\"ltr\"><span style=\"font-size: 1rem;\">XYTE mobility GmbH<br><\/span><span style=\"font-size: 1rem;\">Ridlerstr. 57<br><\/span><span style=\"font-size: 1rem;\">80339 M\u00fcnchen<\/span><\/p><p dir=\"ltr\">Vertreten durch den Gesch\u00e4ftsf\u00fchrer: Dr. Wolfgang Ziebart<\/p><p>Kontakt:<br>Telefon: +49\u202f160\u202f8032999<br>E-Mail: wziebart@xyte-mobility.com<\/p><p>Registereintrag: Amtsgericht M\u00fcnchen<br>Registernummer: HRB\u202f298718<\/p><p>Umsatzsteuer-ID gem\u00e4\u00df \u00a7\u202f27a UStG: DE452256239<br>Verantwortlich f\u00fcr den Inhalt nach \u00a7\u202f18 Abs.\u202f2 MStV: Dr. Wolfgang Ziebart <\/p>\t\t\t\t\t\t\t\t<\/div>\n\t\t\t\t\t<\/div>\n\t\t\t\t<\/div>\n\t\t<div class=\"elementor-element elementor-element-68b9181 e-flex e-con-boxed e-con e-parent\" data-id=\"68b9181\" data-element_type=\"container\">\n\t\t\t\t\t<div class=\"e-con-inner\">\n\t\t\t\t<div class=\"elementor-element elementor-element-2c359f1 elementor-widget elementor-widget-heading\" data-id=\"2c359f1\" data-element_type=\"widget\" data-widget_type=\"heading.default\">\n\t\t\t\t\t<h2 class=\"elementor-heading-title elementor-size-default\">Haftungsausschluss<\/h2>\t\t\t\t<\/div>\n\t\t\t\t\t<\/div>\n\t\t\t\t<\/div>\n\t\t<div class=\"elementor-element elementor-element-378c141 e-flex e-con-boxed e-con e-parent\" data-id=\"378c141\" data-element_type=\"container\">\n\t\t\t\t\t<div class=\"e-con-inner\">\n\t\t\t\t<div class=\"elementor-element elementor-element-51c2d81 elementor-widget elementor-widget-text-editor\" data-id=\"51c2d81\" data-element_type=\"widget\" data-widget_type=\"text-editor.default\">\n\t\t\t\t\t\t\t\t\t<p><strong>Haftung f\u00fcr Inhalte<\/strong><\/p><p>Die Inhalte unserer Seiten wurden mit gr\u00f6\u00dfter Sorgfalt erstellt. F\u00fcr die Richtigkeit, Vollst\u00e4ndigkeit und Aktualit\u00e4t der Inhalte k\u00f6nnen wir jedoch keine Gew\u00e4hr \u00fcbernehmen. Als Diensteanbieter sind wir gem\u00e4\u00df \u00a7\u202f7 Abs.\u202f1 TMG f\u00fcr eigene Inhalte auf diesen Seiten nach den allgemeinen Gesetzen verantwortlich.<br>Nach \u00a7\u00a7\u202f8 bis\u202f10 TMG sind wir als Diensteanbieter jedoch nicht verpflichtet, \u00fcbermittelte oder gespeicherte fremde Informationen zu \u00fcberwachen oder nach Umst\u00e4nden zu forschen, die auf eine rechtswidrige T\u00e4tigkeit hinweisen. Verpflichtungen zur Entfernung oder Sperrung der Nutzung von Informationen nach den allgemeinen Gesetzen bleiben hiervon unber\u00fchrt. Eine diesbez\u00fcgliche Haftung ist jedoch erst ab dem Zeitpunkt der Kenntnis einer konkreten Rechtsverletzung m\u00f6glich. Bei Bekanntwerden von entsprechenden Rechtsverletzungen werden wir diese Inhalte umgehend entfernen.       <\/p><p><strong>Haftung f\u00fcr Links<\/strong><\/p><p>Unser Angebot enth\u00e4lt Links zu externen Websites Dritter, auf deren Inhalte wir keinen Einfluss haben. Deshalb k\u00f6nnen wir f\u00fcr diese fremden Inhalte auch keine Gew\u00e4hr \u00fcbernehmen. F\u00fcr die Inhalte der verlinkten Seiten ist stets der jeweilige Anbieter oder Betreiber der Seiten verantwortlich. Die verlinkten Seiten wurden zum Zeitpunkt der Verlinkung auf m\u00f6gliche Rechtsverst\u00f6\u00dfe \u00fcberpr\u00fcft. Rechtswidrige Inhalte waren zum Zeitpunkt der Verlinkung nicht erkennbar. Eine permanente inhaltliche Kontrolle der verlinkten Seiten ist jedoch ohne konkrete Anhaltspunkte einer Rechtsverletzung nicht zumutbar.     <\/p><p>Bei Bekanntwerden von Rechtsverletzungen werden wir derartige Links umgehend entfernen.<\/p><p><strong>Urheberrecht<\/strong><\/p><p>Die durch die Seitenbetreiber erstellten Inhalte und Werke auf diesen Seiten unterliegen dem deutschen Urheberrecht. Die Vervielf\u00e4ltigung, Bearbeitung, Verbreitung und jede Art der Verwertung au\u00dferhalb der Grenzen des Urheberrechtes bed\u00fcrfen der schriftlichen Zustimmung des jeweiligen Autors bzw. Erstellers. Downloads und Kopien dieser Seite sind nur f\u00fcr den privaten, nicht kommerziellen Gebrauch gestattet. Soweit die Inhalte auf dieser Seite nicht vom Betreiber erstellt wurden, werden die Urheberrechte Dritter beachtet. Insbesondere werden Inhalte Dritter als solche gekennzeichnet. Sollten Sie trotzdem auf eine Urheberrechtsverletzung aufmerksam werden, bitten wir um einen entsprechenden Hinweis.     <\/p><p>Bei Bekanntwerden von Rechtsverletzungen werden wir derartige Inhalte umgehend entfernen.<\/p><p><strong>Datenschutz<\/strong><\/p><p>Die Nutzung unserer Website ist in der Regel ohne Angabe personenbezogener Daten m\u00f6glich. Soweit auf unseren Seiten personenbezogene Daten (z.\u202fB. Name, Anschrift oder E\u2011Mail-Adressen) erhoben werden, erfolgt dies \u2013 soweit m\u00f6glich \u2013 stets auf freiwilliger Basis. Diese Daten werden ohne Ihre ausdr\u00fcckliche Zustimmung nicht an Dritte weitergegeben.  <\/p><p>Wir weisen darauf hin, dass die Daten\u00fcbertragung im Internet (z.\u202fB. bei der Kommunikation per E\u2011Mail) Sicherheitsl\u00fccken aufweisen kann. Ein l\u00fcckenloser Schutz der Daten vor dem Zugriff durch Dritte ist nicht m\u00f6glich. Detaillierte Informationen finden Sie in unserer <a href=\"https:\/\/xyte-mobility.com\/de\/datenschutzerklaerung\/\" target=\"_blank\" rel=\"noopener\">Datenschutzerkl\u00e4rung.<\/a>  <\/p><p>Die Nutzung von im Rahmen der Impressumspflicht ver\u00f6ffentlichten Kontaktdaten durch Dritte zur \u00dcbersendung von nicht ausdr\u00fccklich angeforderter Werbung und Informationsmaterialien wird hiermit ausdr\u00fccklich widersprochen. Die Betreiber der Seiten behalten sich ausdr\u00fccklich rechtliche Schritte im Falle der unverlangten Zusendung von Werbeinformationen, etwa durch Spam\u2011Mails, vor. <\/p><p><em>Hinweis: Dieses Impressum basiert auf dem Impressumsgenerator der Kanzlei Hasselbach, Frankfurt, und der Vorlage von jurarat.de. Vielen Dank! <\/em><\/p><p>[Stand 01\/2026]<\/p>\t\t\t\t\t\t\t\t<\/div>\n\t\t\t\t\t<\/div>\n\t\t\t\t<\/div>\n\t\t\t\t<\/div>\n\t\t","protected":false},"excerpt":{"rendered":"<p>Impressum Angaben gem\u00e4\u00df \u00a7 5 TMG: XYTE mobility GmbHRidlerstr. 5780339 M\u00fcnchen Vertreten durch den Gesch\u00e4ftsf\u00fchrer: Dr. Wolfgang Ziebart Kontakt:Telefon: +49\u202f160\u202f8032999E-Mail: wziebart@xyte-mobility.com Registereintrag: Amtsgericht M\u00fcnchenRegisternummer: HRB\u202f298718 Umsatzsteuer-ID gem\u00e4\u00df \u00a7\u202f27a UStG: DE452256239Verantwortlich f\u00fcr den Inhalt nach \u00a7\u202f18 Abs.\u202f2 MStV: Dr. Wolfgang Ziebart Haftungsausschluss Haftung f\u00fcr Inhalte Die Inhalte unserer Seiten wurden mit gr\u00f6\u00dfter Sorgfalt erstellt. F\u00fcr die [&hellip;]<\/p>\n","protected":false},"author":1,"featured_media":0,"parent":0,"menu_order":0,"comment_status":"closed","ping_status":"closed","template":"","meta":{"_acf_changed":false,"content-type":"","inline_featured_image":false,"footnotes":""},"class_list":["post-1638","page","type-page","status-publish","hentry"],"acf":[],"yoast_head":"<!-- This site is optimized with the Yoast SEO plugin v25.7 - https:\/\/yoast.com\/wordpress\/plugins\/seo\/ -->\n<title>Impressum - XYTE-Mobility<\/title>\n<meta name=\"robots\" content=\"index, follow, max-snippet:-1, max-image-preview:large, max-video-preview:-1\" \/>\n<link rel=\"canonical\" href=\"https:\/\/xyte-mobility.com\/de\/impressum\/\" \/>\n<meta property=\"og:locale\" content=\"de_DE\" \/>\n<meta property=\"og:type\" content=\"article\" \/>\n<meta property=\"og:title\" content=\"Impressum - XYTE-Mobility\" \/>\n<meta property=\"og:description\" content=\"Impressum Angaben gem\u00e4\u00df \u00a7 5 TMG: XYTE mobility GmbHRidlerstr. 5780339 M\u00fcnchen Vertreten durch den Gesch\u00e4ftsf\u00fchrer: Dr. Wolfgang Ziebart Kontakt:Telefon: +49\u202f160\u202f8032999E-Mail: wziebart@xyte-mobility.com Registereintrag: Amtsgericht M\u00fcnchenRegisternummer: HRB\u202f298718 Umsatzsteuer-ID gem\u00e4\u00df \u00a7\u202f27a UStG: DE452256239Verantwortlich f\u00fcr den Inhalt nach \u00a7\u202f18 Abs.\u202f2 MStV: Dr. Wolfgang Ziebart Haftungsausschluss Haftung f\u00fcr Inhalte Die Inhalte unserer Seiten wurden mit gr\u00f6\u00dfter Sorgfalt erstellt. F\u00fcr die [&hellip;]\" \/>\n<meta property=\"og:url\" content=\"https:\/\/xyte-mobility.com\/de\/impressum\/\" \/>\n<meta property=\"og:site_name\" content=\"XYTE-Mobility\" \/>\n<meta property=\"article:modified_time\" content=\"2026-02-13T15:44:55+00:00\" \/>\n<meta name=\"twitter:card\" content=\"summary_large_image\" \/>\n<meta name=\"twitter:label1\" content=\"Gesch\u00e4tzte Lesezeit\" \/>\n\t<meta name=\"twitter:data1\" content=\"3\u00a0Minuten\" \/>\n<script type=\"application\/ld+json\" class=\"yoast-schema-graph\">{\"@context\":\"https:\/\/schema.org\",\"@graph\":[{\"@type\":\"WebPage\",\"@id\":\"https:\/\/xyte-mobility.com\/de\/impressum\/\",\"url\":\"https:\/\/xyte-mobility.com\/de\/impressum\/\",\"name\":\"Impressum - XYTE-Mobility\",\"isPartOf\":{\"@id\":\"https:\/\/xyte-mobility.com\/de\/#website\"},\"datePublished\":\"2025-02-28T11:24:55+00:00\",\"dateModified\":\"2026-02-13T15:44:55+00:00\",\"breadcrumb\":{\"@id\":\"https:\/\/xyte-mobility.com\/de\/impressum\/#breadcrumb\"},\"inLanguage\":\"de\",\"potentialAction\":[{\"@type\":\"ReadAction\",\"target\":[\"https:\/\/xyte-mobility.com\/de\/impressum\/\"]}]},{\"@type\":\"BreadcrumbList\",\"@id\":\"https:\/\/xyte-mobility.com\/de\/impressum\/#breadcrumb\",\"itemListElement\":[{\"@type\":\"ListItem\",\"position\":1,\"name\":\"Home\",\"item\":\"https:\/\/xyte-mobility.com\/de\/\"},{\"@type\":\"ListItem\",\"position\":2,\"name\":\"Impressum\"}]},{\"@type\":\"WebSite\",\"@id\":\"https:\/\/xyte-mobility.com\/de\/#website\",\"url\":\"https:\/\/xyte-mobility.com\/de\/\",\"name\":\"XYTE mobility\",\"description\":\"\",\"publisher\":{\"@id\":\"https:\/\/xyte-mobility.com\/de\/#organization\"},\"potentialAction\":[{\"@type\":\"SearchAction\",\"target\":{\"@type\":\"EntryPoint\",\"urlTemplate\":\"https:\/\/xyte-mobility.com\/de\/?s={search_term_string}\"},\"query-input\":{\"@type\":\"PropertyValueSpecification\",\"valueRequired\":true,\"valueName\":\"search_term_string\"}}],\"inLanguage\":\"de\"},{\"@type\":\"Organization\",\"@id\":\"https:\/\/xyte-mobility.com\/de\/#organization\",\"name\":\"XYTE mobility\",\"url\":\"https:\/\/xyte-mobility.com\/de\/\",\"logo\":{\"@type\":\"ImageObject\",\"inLanguage\":\"de\",\"@id\":\"https:\/\/xyte-mobility.com\/de\/#\/schema\/logo\/image\/\",\"url\":\"https:\/\/xyte-mobility.com\/wp-content\/uploads\/2025\/08\/logo.svg\",\"contentUrl\":\"https:\/\/xyte-mobility.com\/wp-content\/uploads\/2025\/08\/logo.svg\",\"width\":142,\"height\":62,\"caption\":\"XYTE mobility\"},\"image\":{\"@id\":\"https:\/\/xyte-mobility.com\/de\/#\/schema\/logo\/image\/\"},\"sameAs\":[\"https:\/\/www.linkedin.com\/company\/xytemobility\"]}]}<\/script>\n<!-- \/ Yoast SEO plugin. -->","yoast_head_json":{"title":"Impressum - XYTE-Mobility","robots":{"index":"index","follow":"follow","max-snippet":"max-snippet:-1","max-image-preview":"max-image-preview:large","max-video-preview":"max-video-preview:-1"},"canonical":"https:\/\/xyte-mobility.com\/de\/impressum\/","og_locale":"de_DE","og_type":"article","og_title":"Impressum - XYTE-Mobility","og_description":"Impressum Angaben gem\u00e4\u00df \u00a7 5 TMG: XYTE mobility GmbHRidlerstr. 5780339 M\u00fcnchen Vertreten durch den Gesch\u00e4ftsf\u00fchrer: Dr. Wolfgang Ziebart Kontakt:Telefon: +49\u202f160\u202f8032999E-Mail: wziebart@xyte-mobility.com Registereintrag: Amtsgericht M\u00fcnchenRegisternummer: HRB\u202f298718 Umsatzsteuer-ID gem\u00e4\u00df \u00a7\u202f27a UStG: DE452256239Verantwortlich f\u00fcr den Inhalt nach \u00a7\u202f18 Abs.\u202f2 MStV: Dr. Wolfgang Ziebart Haftungsausschluss Haftung f\u00fcr Inhalte Die Inhalte unserer Seiten wurden mit gr\u00f6\u00dfter Sorgfalt erstellt. F\u00fcr die [&hellip;]","og_url":"https:\/\/xyte-mobility.com\/de\/impressum\/","og_site_name":"XYTE-Mobility","article_modified_time":"2026-02-13T15:44:55+00:00","twitter_card":"summary_large_image","twitter_misc":{"Gesch\u00e4tzte Lesezeit":"3\u00a0Minuten"},"schema":{"@context":"https:\/\/schema.org","@graph":[{"@type":"WebPage","@id":"https:\/\/xyte-mobility.com\/de\/impressum\/","url":"https:\/\/xyte-mobility.com\/de\/impressum\/","name":"Impressum - XYTE-Mobility","isPartOf":{"@id":"https:\/\/xyte-mobility.com\/de\/#website"},"datePublished":"2025-02-28T11:24:55+00:00","dateModified":"2026-02-13T15:44:55+00:00","breadcrumb":{"@id":"https:\/\/xyte-mobility.com\/de\/impressum\/#breadcrumb"},"inLanguage":"de","potentialAction":[{"@type":"ReadAction","target":["https:\/\/xyte-mobility.com\/de\/impressum\/"]}]},{"@type":"BreadcrumbList","@id":"https:\/\/xyte-mobility.com\/de\/impressum\/#breadcrumb","itemListElement":[{"@type":"ListItem","position":1,"name":"Home","item":"https:\/\/xyte-mobility.com\/de\/"},{"@type":"ListItem","position":2,"name":"Impressum"}]},{"@type":"WebSite","@id":"https:\/\/xyte-mobility.com\/de\/#website","url":"https:\/\/xyte-mobility.com\/de\/","name":"XYTE mobility","description":"","publisher":{"@id":"https:\/\/xyte-mobility.com\/de\/#organization"},"potentialAction":[{"@type":"SearchAction","target":{"@type":"EntryPoint","urlTemplate":"https:\/\/xyte-mobility.com\/de\/?s={search_term_string}"},"query-input":{"@type":"PropertyValueSpecification","valueRequired":true,"valueName":"search_term_string"}}],"inLanguage":"de"},{"@type":"Organization","@id":"https:\/\/xyte-mobility.com\/de\/#organization","name":"XYTE mobility","url":"https:\/\/xyte-mobility.com\/de\/","logo":{"@type":"ImageObject","inLanguage":"de","@id":"https:\/\/xyte-mobility.com\/de\/#\/schema\/logo\/image\/","url":"https:\/\/xyte-mobility.com\/wp-content\/uploads\/2025\/08\/logo.svg","contentUrl":"https:\/\/xyte-mobility.com\/wp-content\/uploads\/2025\/08\/logo.svg","width":142,"height":62,"caption":"XYTE mobility"},"image":{"@id":"https:\/\/xyte-mobility.com\/de\/#\/schema\/logo\/image\/"},"sameAs":["https:\/\/www.linkedin.com\/company\/xytemobility"]}]}},"_links":{"self":[{"href":"https:\/\/xyte-mobility.com\/de\/wp-json\/wp\/v2\/pages\/1638","targetHints":{"allow":["GET"]}}],"collection":[{"href":"https:\/\/xyte-mobility.com\/de\/wp-json\/wp\/v2\/pages"}],"about":[{"href":"https:\/\/xyte-mobility.com\/de\/wp-json\/wp\/v2\/types\/page"}],"author":[{"embeddable":true,"href":"https:\/\/xyte-mobility.com\/de\/wp-json\/wp\/v2\/users\/1"}],"replies":[{"embeddable":true,"href":"https:\/\/xyte-mobility.com\/de\/wp-json\/wp\/v2\/comments?post=1638"}],"version-history":[{"count":10,"href":"https:\/\/xyte-mobility.com\/de\/wp-json\/wp\/v2\/pages\/1638\/revisions"}],"predecessor-version":[{"id":3605,"href":"https:\/\/xyte-mobility.com\/de\/wp-json\/wp\/v2\/pages\/1638\/revisions\/3605"}],"wp:attachment":[{"href":"https:\/\/xyte-mobility.com\/de\/wp-json\/wp\/v2\/media?parent=1638"}],"curies":[{"name":"wp","href":"https:\/\/api.w.org\/{rel}","templated":true}]}}