{"id":3492,"date":"2026-01-19T11:17:13","date_gmt":"2026-01-19T11:17:13","guid":{"rendered":"https:\/\/xyte-mobility.com\/?page_id=3492"},"modified":"2026-01-19T13:28:02","modified_gmt":"2026-01-19T13:28:02","slug":"unsere-partner","status":"publish","type":"page","link":"https:\/\/xyte-mobility.com\/de\/unsere-partner\/","title":{"rendered":"Unsere Partner"},"content":{"rendered":"\t\t<div data-elementor-type=\"wp-page\" data-elementor-id=\"3492\" class=\"elementor elementor-3492 elementor-3374\" data-elementor-post-type=\"page\">\n\t\t\t\t<div class=\"elementor-element elementor-element-ae71032 e-con-full e-flex e-con e-child\" data-id=\"ae71032\" data-element_type=\"container\">\n\t\t\t\t<div class=\"elementor-element elementor-element-3fa93f0 elementor-widget elementor-widget-heading\" data-id=\"3fa93f0\" data-element_type=\"widget\" data-widget_type=\"heading.default\">\n\t\t\t\t\t<h2 class=\"elementor-heading-title elementor-size-default\">Unsere Partner<\/h2>\t\t\t\t<\/div>\n\t\t\t\t<\/div>\n\t\t<div class=\"elementor-element elementor-element-f89d4b7 e-flex e-con-boxed e-con e-child\" data-id=\"f89d4b7\" data-element_type=\"container\">\n\t\t\t\t\t<div class=\"e-con-inner\">\n\t\t\t\t<div class=\"elementor-element elementor-element-ef10070 elementor-widget elementor-widget-text-editor\" data-id=\"ef10070\" data-element_type=\"widget\" data-widget_type=\"text-editor.default\">\n\t\t\t\t\t\t\t\t\t<p>\u201eHervorragende Produkterlebnisse basieren auf hervorragendem Service.<br>Dank unseres Netzwerks, das die wichtigsten europ\u00e4ischen St\u00e4dte abdeckt, k\u00f6nnen sich unsere Kunden auf professionelle Wartung, Garantieleistungen und Probefahrten in ihrer N\u00e4he verlassen.\u201c<\/p><p><b>Gianfranco Pizzuto<br><\/b><span style=\"letter-spacing: -0.09px;\">Chief Sales Officer<\/span><\/p>\t\t\t\t\t\t\t\t<\/div>\n\t\t\t\t\t<\/div>\n\t\t\t\t<\/div>\n\t\t<div class=\"elementor-element elementor-element-8dbb739 e-flex e-con-boxed e-con e-parent\" data-id=\"8dbb739\" data-element_type=\"container\">\n\t\t\t\t\t<div class=\"e-con-inner\">\n\t\t<div class=\"elementor-element elementor-element-8e04f69 e-con-full e-flex e-con e-child\" data-id=\"8e04f69\" data-element_type=\"container\">\n\t\t\t\t<div class=\"elementor-element elementor-element-43385e8 elementor-widget elementor-widget-shortcode\" data-id=\"43385e8\" data-element_type=\"widget\" data-widget_type=\"shortcode.default\">\n\t\t\t\t\t\t\t<div class=\"elementor-shortcode\"><div id=\"partners-filters-container\"><\/div><div id=\"partners-list-container\" class=\"flex flex-col\"><\/div><div id=\"partners-loading\" class=\"text-center py-8\">Loading partners...<\/div><div id=\"partners-error\" class=\"hidden text-center py-8 text-red-600\"><\/div><\/div>\n\t\t\t\t\t\t<\/div>\n\t\t\t\t<\/div>\n\t\t\t\t\t<\/div>\n\t\t\t\t<\/div>\n\t\t<div class=\"elementor-element elementor-element-8a0862a e-con-full e-flex e-con e-child\" data-id=\"8a0862a\" data-element_type=\"container\">\n\t\t\t\t<div class=\"elementor-element elementor-element-893fd8f elementor-widget elementor-widget-heading\" data-id=\"893fd8f\" data-element_type=\"widget\" data-widget_type=\"heading.default\">\n\t\t\t\t\t<h3 class=\"elementor-heading-title elementor-size-default\"><b>M\u00f6chten Sie Partner werden?<\/b><\/h3>\t\t\t\t<\/div>\n\t\t\t\t<\/div>\n\t\t<div class=\"elementor-element elementor-element-bb9e1c0 e-flex e-con-boxed e-con e-child\" data-id=\"bb9e1c0\" data-element_type=\"container\">\n\t\t\t\t\t<div class=\"e-con-inner\">\n\t\t\t\t<div class=\"elementor-element elementor-element-96eac86 elementor-widget elementor-widget-text-editor\" data-id=\"96eac86\" data-element_type=\"widget\" data-widget_type=\"text-editor.default\">\n\t\t\t\t\t\t\t\t\t<p><b><\/b>Wenn Sie unsere Vision teilen, die Mobilit\u00e4t in St\u00e4dten effizienter, leiser und sicherer zu gestalten, treten Sie unserem Netzwerk bei und wenden Sie sich an:<\/p>\n<p><b>Gianfranco Pizzuto | <a href=\"mailto:fpizzuto@xyte-mobility.com\"><u>fpizzuto@xyte-mobility.com<\/u><\/a><\/b><br><span style=\"letter-spacing: -0.09px;\">Chief Sales Officer<\/span><\/p>\t\t\t\t\t\t\t\t<\/div>\n\t\t\t\t\t<\/div>\n\t\t\t\t<\/div>\n\t\t\t\t<\/div>\n\t\t","protected":false},"excerpt":{"rendered":"<p>Unsere Partner \u201eHervorragende Produkterlebnisse basieren auf hervorragendem Service.Dank unseres Netzwerks, das die wichtigsten europ\u00e4ischen St\u00e4dte abdeckt, k\u00f6nnen sich unsere Kunden auf professionelle Wartung, Garantieleistungen und Probefahrten in ihrer N\u00e4he verlassen.\u201c Gianfranco PizzutoChief Sales Officer M\u00f6chten Sie Partner werden? Wenn Sie unsere Vision teilen, die Mobilit\u00e4t in St\u00e4dten effizienter, leiser und sicherer zu gestalten, treten Sie [&hellip;]<\/p>\n","protected":false},"author":1,"featured_media":0,"parent":0,"menu_order":0,"comment_status":"closed","ping_status":"closed","template":"","meta":{"_acf_changed":false,"content-type":"","inline_featured_image":false,"footnotes":""},"class_list":["post-3492","page","type-page","status-publish","hentry"],"acf":[],"yoast_head":"<!-- This site is optimized with the Yoast SEO plugin v25.7 - https:\/\/yoast.com\/wordpress\/plugins\/seo\/ -->\n<title>Unsere Partner - XYTE-Mobility<\/title>\n<meta name=\"robots\" content=\"index, follow, max-snippet:-1, max-image-preview:large, max-video-preview:-1\" \/>\n<link rel=\"canonical\" href=\"https:\/\/xyte-mobility.com\/de\/unsere-partner\/\" \/>\n<meta property=\"og:locale\" content=\"de_DE\" \/>\n<meta property=\"og:type\" content=\"article\" \/>\n<meta property=\"og:title\" content=\"Unsere Partner - XYTE-Mobility\" \/>\n<meta property=\"og:description\" content=\"Unsere Partner \u201eHervorragende Produkterlebnisse basieren auf hervorragendem Service.Dank unseres Netzwerks, das die wichtigsten europ\u00e4ischen St\u00e4dte abdeckt, k\u00f6nnen sich unsere Kunden auf professionelle Wartung, Garantieleistungen und Probefahrten in ihrer N\u00e4he verlassen.\u201c Gianfranco PizzutoChief Sales Officer M\u00f6chten Sie Partner werden? Wenn Sie unsere Vision teilen, die Mobilit\u00e4t in St\u00e4dten effizienter, leiser und sicherer zu gestalten, treten Sie [&hellip;]\" \/>\n<meta property=\"og:url\" content=\"https:\/\/xyte-mobility.com\/de\/unsere-partner\/\" \/>\n<meta property=\"og:site_name\" content=\"XYTE-Mobility\" \/>\n<meta property=\"article:modified_time\" content=\"2026-01-19T13:28:02+00:00\" \/>\n<meta name=\"twitter:card\" content=\"summary_large_image\" \/>\n<meta name=\"twitter:label1\" content=\"Gesch\u00e4tzte Lesezeit\" \/>\n\t<meta name=\"twitter:data1\" content=\"1\u00a0Minute\" \/>\n<script type=\"application\/ld+json\" class=\"yoast-schema-graph\">{\"@context\":\"https:\/\/schema.org\",\"@graph\":[{\"@type\":\"WebPage\",\"@id\":\"https:\/\/xyte-mobility.com\/de\/unsere-partner\/\",\"url\":\"https:\/\/xyte-mobility.com\/de\/unsere-partner\/\",\"name\":\"Unsere Partner - XYTE-Mobility\",\"isPartOf\":{\"@id\":\"https:\/\/xyte-mobility.com\/de\/#website\"},\"datePublished\":\"2026-01-19T11:17:13+00:00\",\"dateModified\":\"2026-01-19T13:28:02+00:00\",\"breadcrumb\":{\"@id\":\"https:\/\/xyte-mobility.com\/de\/unsere-partner\/#breadcrumb\"},\"inLanguage\":\"de\",\"potentialAction\":[{\"@type\":\"ReadAction\",\"target\":[\"https:\/\/xyte-mobility.com\/de\/unsere-partner\/\"]}]},{\"@type\":\"BreadcrumbList\",\"@id\":\"https:\/\/xyte-mobility.com\/de\/unsere-partner\/#breadcrumb\",\"itemListElement\":[{\"@type\":\"ListItem\",\"position\":1,\"name\":\"Home\",\"item\":\"https:\/\/xyte-mobility.com\/de\/\"},{\"@type\":\"ListItem\",\"position\":2,\"name\":\"Unsere Partner\"}]},{\"@type\":\"WebSite\",\"@id\":\"https:\/\/xyte-mobility.com\/de\/#website\",\"url\":\"https:\/\/xyte-mobility.com\/de\/\",\"name\":\"XYTE mobility\",\"description\":\"\",\"publisher\":{\"@id\":\"https:\/\/xyte-mobility.com\/de\/#organization\"},\"potentialAction\":[{\"@type\":\"SearchAction\",\"target\":{\"@type\":\"EntryPoint\",\"urlTemplate\":\"https:\/\/xyte-mobility.com\/de\/?s={search_term_string}\"},\"query-input\":{\"@type\":\"PropertyValueSpecification\",\"valueRequired\":true,\"valueName\":\"search_term_string\"}}],\"inLanguage\":\"de\"},{\"@type\":\"Organization\",\"@id\":\"https:\/\/xyte-mobility.com\/de\/#organization\",\"name\":\"XYTE mobility\",\"url\":\"https:\/\/xyte-mobility.com\/de\/\",\"logo\":{\"@type\":\"ImageObject\",\"inLanguage\":\"de\",\"@id\":\"https:\/\/xyte-mobility.com\/de\/#\/schema\/logo\/image\/\",\"url\":\"https:\/\/xyte-mobility.com\/wp-content\/uploads\/2025\/08\/logo.svg\",\"contentUrl\":\"https:\/\/xyte-mobility.com\/wp-content\/uploads\/2025\/08\/logo.svg\",\"width\":142,\"height\":62,\"caption\":\"XYTE mobility\"},\"image\":{\"@id\":\"https:\/\/xyte-mobility.com\/de\/#\/schema\/logo\/image\/\"},\"sameAs\":[\"https:\/\/www.linkedin.com\/company\/xytemobility\"]}]}<\/script>\n<!-- \/ Yoast SEO plugin. -->","yoast_head_json":{"title":"Unsere Partner - XYTE-Mobility","robots":{"index":"index","follow":"follow","max-snippet":"max-snippet:-1","max-image-preview":"max-image-preview:large","max-video-preview":"max-video-preview:-1"},"canonical":"https:\/\/xyte-mobility.com\/de\/unsere-partner\/","og_locale":"de_DE","og_type":"article","og_title":"Unsere Partner - XYTE-Mobility","og_description":"Unsere Partner \u201eHervorragende Produkterlebnisse basieren auf hervorragendem Service.Dank unseres Netzwerks, das die wichtigsten europ\u00e4ischen St\u00e4dte abdeckt, k\u00f6nnen sich unsere Kunden auf professionelle Wartung, Garantieleistungen und Probefahrten in ihrer N\u00e4he verlassen.\u201c Gianfranco PizzutoChief Sales Officer M\u00f6chten Sie Partner werden? Wenn Sie unsere Vision teilen, die Mobilit\u00e4t in St\u00e4dten effizienter, leiser und sicherer zu gestalten, treten Sie [&hellip;]","og_url":"https:\/\/xyte-mobility.com\/de\/unsere-partner\/","og_site_name":"XYTE-Mobility","article_modified_time":"2026-01-19T13:28:02+00:00","twitter_card":"summary_large_image","twitter_misc":{"Gesch\u00e4tzte Lesezeit":"1\u00a0Minute"},"schema":{"@context":"https:\/\/schema.org","@graph":[{"@type":"WebPage","@id":"https:\/\/xyte-mobility.com\/de\/unsere-partner\/","url":"https:\/\/xyte-mobility.com\/de\/unsere-partner\/","name":"Unsere Partner - XYTE-Mobility","isPartOf":{"@id":"https:\/\/xyte-mobility.com\/de\/#website"},"datePublished":"2026-01-19T11:17:13+00:00","dateModified":"2026-01-19T13:28:02+00:00","breadcrumb":{"@id":"https:\/\/xyte-mobility.com\/de\/unsere-partner\/#breadcrumb"},"inLanguage":"de","potentialAction":[{"@type":"ReadAction","target":["https:\/\/xyte-mobility.com\/de\/unsere-partner\/"]}]},{"@type":"BreadcrumbList","@id":"https:\/\/xyte-mobility.com\/de\/unsere-partner\/#breadcrumb","itemListElement":[{"@type":"ListItem","position":1,"name":"Home","item":"https:\/\/xyte-mobility.com\/de\/"},{"@type":"ListItem","position":2,"name":"Unsere Partner"}]},{"@type":"WebSite","@id":"https:\/\/xyte-mobility.com\/de\/#website","url":"https:\/\/xyte-mobility.com\/de\/","name":"XYTE mobility","description":"","publisher":{"@id":"https:\/\/xyte-mobility.com\/de\/#organization"},"potentialAction":[{"@type":"SearchAction","target":{"@type":"EntryPoint","urlTemplate":"https:\/\/xyte-mobility.com\/de\/?s={search_term_string}"},"query-input":{"@type":"PropertyValueSpecification","valueRequired":true,"valueName":"search_term_string"}}],"inLanguage":"de"},{"@type":"Organization","@id":"https:\/\/xyte-mobility.com\/de\/#organization","name":"XYTE mobility","url":"https:\/\/xyte-mobility.com\/de\/","logo":{"@type":"ImageObject","inLanguage":"de","@id":"https:\/\/xyte-mobility.com\/de\/#\/schema\/logo\/image\/","url":"https:\/\/xyte-mobility.com\/wp-content\/uploads\/2025\/08\/logo.svg","contentUrl":"https:\/\/xyte-mobility.com\/wp-content\/uploads\/2025\/08\/logo.svg","width":142,"height":62,"caption":"XYTE mobility"},"image":{"@id":"https:\/\/xyte-mobility.com\/de\/#\/schema\/logo\/image\/"},"sameAs":["https:\/\/www.linkedin.com\/company\/xytemobility"]}]}},"_links":{"self":[{"href":"https:\/\/xyte-mobility.com\/de\/wp-json\/wp\/v2\/pages\/3492","targetHints":{"allow":["GET"]}}],"collection":[{"href":"https:\/\/xyte-mobility.com\/de\/wp-json\/wp\/v2\/pages"}],"about":[{"href":"https:\/\/xyte-mobility.com\/de\/wp-json\/wp\/v2\/types\/page"}],"author":[{"embeddable":true,"href":"https:\/\/xyte-mobility.com\/de\/wp-json\/wp\/v2\/users\/1"}],"replies":[{"embeddable":true,"href":"https:\/\/xyte-mobility.com\/de\/wp-json\/wp\/v2\/comments?post=3492"}],"version-history":[{"count":3,"href":"https:\/\/xyte-mobility.com\/de\/wp-json\/wp\/v2\/pages\/3492\/revisions"}],"predecessor-version":[{"id":3518,"href":"https:\/\/xyte-mobility.com\/de\/wp-json\/wp\/v2\/pages\/3492\/revisions\/3518"}],"wp:attachment":[{"href":"https:\/\/xyte-mobility.com\/de\/wp-json\/wp\/v2\/media?parent=3492"}],"curies":[{"name":"wp","href":"https:\/\/api.w.org\/{rel}","templated":true}]}}