{"id":2248,"date":"2025-07-29T15:21:47","date_gmt":"2025-07-29T15:21:47","guid":{"rendered":"https:\/\/xyte-mobility.com\/contacto\/"},"modified":"2026-02-19T11:09:16","modified_gmt":"2026-02-19T11:09:16","slug":"contacto","status":"publish","type":"page","link":"https:\/\/xyte-mobility.com\/es\/contacto\/","title":{"rendered":"Contacto"},"content":{"rendered":"\t\t<div data-elementor-type=\"wp-page\" data-elementor-id=\"2248\" class=\"elementor elementor-2248 elementor-1504\" data-elementor-post-type=\"page\">\n\t\t\t\t<div class=\"elementor-element elementor-element-ce2fb13 e-flex e-con-boxed e-con e-child\" data-id=\"ce2fb13\" data-element_type=\"container\" data-settings=\"{&quot;background_background&quot;:&quot;classic&quot;}\">\n\t\t\t\t\t<div class=\"e-con-inner\">\n\t\t<div class=\"elementor-element elementor-element-d2268a7 e-flex e-con-boxed e-con e-child\" data-id=\"d2268a7\" data-element_type=\"container\">\n\t\t\t\t\t<div class=\"e-con-inner\">\n\t\t\t\t<div class=\"elementor-element elementor-element-df58708 elementor-widget elementor-widget-heading\" data-id=\"df58708\" data-element_type=\"widget\" data-widget_type=\"heading.default\">\n\t\t\t\t\t<h2 class=\"elementor-heading-title elementor-size-default\">Hola \u00bfC\u00f3mo podemos ayudarte?<\/h2>\t\t\t\t<\/div>\n\t\t\t\t<div class=\"elementor-element elementor-element-6bb5e63 elementor-widget elementor-widget-text-editor\" data-id=\"6bb5e63\" data-element_type=\"widget\" data-widget_type=\"text-editor.default\">\n\t\t\t\t\t\t\t\t\t<p class=\"p1\">Simplemente env\u00edenos un mensaje, d\u00e9jenos sus datos de contacto y d\u00edganos qu\u00e9 necesita.<\/p><p class=\"p1\">Reenviaremos su mensaje a la persona adecuada de nuestro equipo, y ella se pondr\u00e1 en contacto con usted.<\/p>\t\t\t\t\t\t\t\t<\/div>\n\t\t\t\t\t<\/div>\n\t\t\t\t<\/div>\n\t\t<div class=\"elementor-element elementor-element-e7c83e8 e-con-full e-flex elementor-invisible e-con e-child\" data-id=\"e7c83e8\" data-element_type=\"container\" data-settings=\"{&quot;background_background&quot;:&quot;classic&quot;,&quot;animation&quot;:&quot;fadeInDown&quot;}\">\n\t\t\t\t<div class=\"elementor-element elementor-element-03b3b9e elementor-button-align-stretch elementor-widget elementor-widget-form\" data-id=\"03b3b9e\" data-element_type=\"widget\" id=\"ContactForm\" data-settings=\"{&quot;step_next_label&quot;:&quot;Pr\\u00f3ximo&quot;,&quot;step_previous_label&quot;:&quot;Previo&quot;,&quot;step_type&quot;:&quot;none&quot;,&quot;button_width&quot;:&quot;100&quot;,&quot;step_icon_shape&quot;:&quot;circle&quot;}\" data-widget_type=\"form.default\">\n\t\t\t\t\t\t\t<form class=\"elementor-form\" method=\"post\" id=\"ContactForm\" name=\"Regi\u00f3n sin pre-orden\" aria-label=\"Regi\u00f3n sin pre-orden\">\n\t\t\t<input type=\"hidden\" name=\"post_id\" value=\"2248\"\/>\n\t\t\t<input type=\"hidden\" name=\"form_id\" value=\"03b3b9e\"\/>\n\t\t\t<input type=\"hidden\" name=\"referer_title\" value=\"Contacto - XYTE mobility\" \/>\n\n\t\t\t\t\t\t\t<input type=\"hidden\" name=\"queried_id\" value=\"2248\"\/>\n\t\t\t\n\t\t\t<div class=\"elementor-form-fields-wrapper elementor-labels-\">\n\t\t\t\t\t\t\t\t<div class=\"elementor-field-type-text elementor-field-group elementor-column elementor-field-group-firstname elementor-col-50 elementor-field-required\">\n\t\t\t\t\t\t\t\t\t\t\t\t<label for=\"form-field-firstname\" class=\"elementor-field-label elementor-screen-only\">\n\t\t\t\t\t\t\t\tFirst Name\t\t\t\t\t\t\t<\/label>\n\t\t\t\t\t\t\t\t\t\t\t\t\t\t<input size=\"1\" type=\"text\" name=\"form_fields[firstname]\" id=\"form-field-firstname\" class=\"elementor-field elementor-size-lg  elementor-field-textual\" placeholder=\"Nombre *\" required=\"required\">\n\t\t\t\t\t\t\t\t\t\t\t<\/div>\n\t\t\t\t\t\t\t\t<div class=\"elementor-field-type-text elementor-field-group elementor-column elementor-field-group-latname elementor-col-50 elementor-field-required\">\n\t\t\t\t\t\t\t\t\t\t\t\t<label for=\"form-field-latname\" class=\"elementor-field-label elementor-screen-only\">\n\t\t\t\t\t\t\t\tLast Name\t\t\t\t\t\t\t<\/label>\n\t\t\t\t\t\t\t\t\t\t\t\t\t\t<input size=\"1\" type=\"text\" name=\"form_fields[latname]\" id=\"form-field-latname\" class=\"elementor-field elementor-size-lg  elementor-field-textual\" placeholder=\"Apellido *\" required=\"required\">\n\t\t\t\t\t\t\t\t\t\t\t<\/div>\n\t\t\t\t\t\t\t\t<div class=\"elementor-field-type-email elementor-field-group elementor-column elementor-field-group-email elementor-col-100 elementor-field-required\">\n\t\t\t\t\t\t\t\t\t\t\t\t<label for=\"form-field-email\" class=\"elementor-field-label elementor-screen-only\">\n\t\t\t\t\t\t\t\tEmail\t\t\t\t\t\t\t<\/label>\n\t\t\t\t\t\t\t\t\t\t\t\t\t\t<input size=\"1\" type=\"email\" name=\"form_fields[email]\" id=\"form-field-email\" class=\"elementor-field elementor-size-lg  elementor-field-textual\" placeholder=\"Correo electr\u00f3nico *\" required=\"required\">\n\t\t\t\t\t\t\t\t\t\t\t<\/div>\n\t\t\t\t\t\t\t\t<div class=\"elementor-field-type-textarea elementor-field-group elementor-column elementor-field-group-field_3831f12 elementor-col-100 elementor-field-required\">\n\t\t\t\t\t\t\t\t\t\t\t\t<label for=\"form-field-field_3831f12\" class=\"elementor-field-label elementor-screen-only\">\n\t\t\t\t\t\t\t\tMessage\t\t\t\t\t\t\t<\/label>\n\t\t\t\t\t\t<textarea class=\"elementor-field-textual elementor-field  elementor-size-lg\" name=\"form_fields[field_3831f12]\" id=\"form-field-field_3831f12\" rows=\"4\" placeholder=\"Mensaje *\" required=\"required\"><\/textarea>\t\t\t\t<\/div>\n\t\t\t\t\t\t\t\t<div class=\"elementor-field-group elementor-column elementor-field-type-submit elementor-col-100 e-form__buttons\">\n\t\t\t\t\t<button class=\"elementor-button elementor-size-sm\" type=\"submit\">\n\t\t\t\t\t\t<span class=\"elementor-button-content-wrapper\">\n\t\t\t\t\t\t\t\t\t\t\t\t\t\t\t\t\t\t\t\t\t\t<span class=\"elementor-button-text\">Enviar<\/span>\n\t\t\t\t\t\t\t\t\t\t\t\t\t<\/span>\n\t\t\t\t\t<\/button>\n\t\t\t\t<\/div>\n\t\t\t<\/div>\n\t\t<\/form>\n\t\t\t\t\t\t<\/div>\n\t\t\t\t<\/div>\n\t\t\t\t\t<\/div>\n\t\t\t\t<\/div>\n\t\t\t\t<\/div>\n\t\t","protected":false},"excerpt":{"rendered":"<p>Hola \u00bfC\u00f3mo podemos ayudarte? Simplemente env\u00edenos un mensaje, d\u00e9jenos sus datos de contacto y d\u00edganos qu\u00e9 necesita. Reenviaremos su mensaje a la persona adecuada de nuestro equipo, y ella se pondr\u00e1 en contacto con usted.<\/p>\n","protected":false},"author":1,"featured_media":0,"parent":0,"menu_order":0,"comment_status":"closed","ping_status":"closed","template":"","meta":{"_acf_changed":false,"content-type":"","inline_featured_image":false,"footnotes":""},"class_list":["post-2248","page","type-page","status-publish","hentry"],"acf":[],"yoast_head":"<!-- This site is optimized with the Yoast SEO plugin v25.7 - https:\/\/yoast.com\/wordpress\/plugins\/seo\/ -->\n<title>Contacto - XYTE mobility<\/title>\n<meta name=\"robots\" content=\"index, follow, max-snippet:-1, max-image-preview:large, max-video-preview:-1\" \/>\n<link rel=\"canonical\" href=\"https:\/\/xyte-mobility.com\/es\/contacto\/\" \/>\n<meta property=\"og:locale\" content=\"es_ES\" \/>\n<meta property=\"og:type\" content=\"article\" \/>\n<meta property=\"og:title\" content=\"Contacto - XYTE mobility\" \/>\n<meta property=\"og:description\" content=\"Hola \u00bfC\u00f3mo podemos ayudarte? Simplemente env\u00edenos un mensaje, d\u00e9jenos sus datos de contacto y d\u00edganos qu\u00e9 necesita. Reenviaremos su mensaje a la persona adecuada de nuestro equipo, y ella se pondr\u00e1 en contacto con usted.\" \/>\n<meta property=\"og:url\" content=\"https:\/\/xyte-mobility.com\/es\/contacto\/\" \/>\n<meta property=\"og:site_name\" content=\"XYTE mobility\" \/>\n<meta property=\"article:modified_time\" content=\"2026-02-19T11:09:16+00:00\" \/>\n<meta name=\"twitter:card\" content=\"summary_large_image\" \/>\n<meta name=\"twitter:label1\" content=\"Tiempo de lectura\" \/>\n\t<meta name=\"twitter:data1\" content=\"1 minuto\" \/>\n<script type=\"application\/ld+json\" class=\"yoast-schema-graph\">{\"@context\":\"https:\/\/schema.org\",\"@graph\":[{\"@type\":\"WebPage\",\"@id\":\"https:\/\/xyte-mobility.com\/es\/contacto\/\",\"url\":\"https:\/\/xyte-mobility.com\/es\/contacto\/\",\"name\":\"Contacto - XYTE mobility\",\"isPartOf\":{\"@id\":\"https:\/\/xyte-mobility.com\/es\/#website\"},\"datePublished\":\"2025-07-29T15:21:47+00:00\",\"dateModified\":\"2026-02-19T11:09:16+00:00\",\"breadcrumb\":{\"@id\":\"https:\/\/xyte-mobility.com\/es\/contacto\/#breadcrumb\"},\"inLanguage\":\"es\",\"potentialAction\":[{\"@type\":\"ReadAction\",\"target\":[\"https:\/\/xyte-mobility.com\/es\/contacto\/\"]}]},{\"@type\":\"BreadcrumbList\",\"@id\":\"https:\/\/xyte-mobility.com\/es\/contacto\/#breadcrumb\",\"itemListElement\":[{\"@type\":\"ListItem\",\"position\":1,\"name\":\"Home\",\"item\":\"https:\/\/xyte-mobility.com\/es\/\"},{\"@type\":\"ListItem\",\"position\":2,\"name\":\"Contacto\"}]},{\"@type\":\"WebSite\",\"@id\":\"https:\/\/xyte-mobility.com\/es\/#website\",\"url\":\"https:\/\/xyte-mobility.com\/es\/\",\"name\":\"XYTE mobility\",\"description\":\"\",\"publisher\":{\"@id\":\"https:\/\/xyte-mobility.com\/es\/#organization\"},\"potentialAction\":[{\"@type\":\"SearchAction\",\"target\":{\"@type\":\"EntryPoint\",\"urlTemplate\":\"https:\/\/xyte-mobility.com\/es\/?s={search_term_string}\"},\"query-input\":{\"@type\":\"PropertyValueSpecification\",\"valueRequired\":true,\"valueName\":\"search_term_string\"}}],\"inLanguage\":\"es\"},{\"@type\":\"Organization\",\"@id\":\"https:\/\/xyte-mobility.com\/es\/#organization\",\"name\":\"XYTE mobility\",\"url\":\"https:\/\/xyte-mobility.com\/es\/\",\"logo\":{\"@type\":\"ImageObject\",\"inLanguage\":\"es\",\"@id\":\"https:\/\/xyte-mobility.com\/es\/#\/schema\/logo\/image\/\",\"url\":\"https:\/\/xyte-mobility.com\/wp-content\/uploads\/2025\/08\/logo.svg\",\"contentUrl\":\"https:\/\/xyte-mobility.com\/wp-content\/uploads\/2025\/08\/logo.svg\",\"width\":142,\"height\":62,\"caption\":\"XYTE mobility\"},\"image\":{\"@id\":\"https:\/\/xyte-mobility.com\/es\/#\/schema\/logo\/image\/\"},\"sameAs\":[\"https:\/\/www.linkedin.com\/company\/xytemobility\"]}]}<\/script>\n<!-- \/ Yoast SEO plugin. -->","yoast_head_json":{"title":"Contacto - XYTE mobility","robots":{"index":"index","follow":"follow","max-snippet":"max-snippet:-1","max-image-preview":"max-image-preview:large","max-video-preview":"max-video-preview:-1"},"canonical":"https:\/\/xyte-mobility.com\/es\/contacto\/","og_locale":"es_ES","og_type":"article","og_title":"Contacto - XYTE mobility","og_description":"Hola \u00bfC\u00f3mo podemos ayudarte? Simplemente env\u00edenos un mensaje, d\u00e9jenos sus datos de contacto y d\u00edganos qu\u00e9 necesita. Reenviaremos su mensaje a la persona adecuada de nuestro equipo, y ella se pondr\u00e1 en contacto con usted.","og_url":"https:\/\/xyte-mobility.com\/es\/contacto\/","og_site_name":"XYTE mobility","article_modified_time":"2026-02-19T11:09:16+00:00","twitter_card":"summary_large_image","twitter_misc":{"Tiempo de lectura":"1 minuto"},"schema":{"@context":"https:\/\/schema.org","@graph":[{"@type":"WebPage","@id":"https:\/\/xyte-mobility.com\/es\/contacto\/","url":"https:\/\/xyte-mobility.com\/es\/contacto\/","name":"Contacto - XYTE mobility","isPartOf":{"@id":"https:\/\/xyte-mobility.com\/es\/#website"},"datePublished":"2025-07-29T15:21:47+00:00","dateModified":"2026-02-19T11:09:16+00:00","breadcrumb":{"@id":"https:\/\/xyte-mobility.com\/es\/contacto\/#breadcrumb"},"inLanguage":"es","potentialAction":[{"@type":"ReadAction","target":["https:\/\/xyte-mobility.com\/es\/contacto\/"]}]},{"@type":"BreadcrumbList","@id":"https:\/\/xyte-mobility.com\/es\/contacto\/#breadcrumb","itemListElement":[{"@type":"ListItem","position":1,"name":"Home","item":"https:\/\/xyte-mobility.com\/es\/"},{"@type":"ListItem","position":2,"name":"Contacto"}]},{"@type":"WebSite","@id":"https:\/\/xyte-mobility.com\/es\/#website","url":"https:\/\/xyte-mobility.com\/es\/","name":"XYTE mobility","description":"","publisher":{"@id":"https:\/\/xyte-mobility.com\/es\/#organization"},"potentialAction":[{"@type":"SearchAction","target":{"@type":"EntryPoint","urlTemplate":"https:\/\/xyte-mobility.com\/es\/?s={search_term_string}"},"query-input":{"@type":"PropertyValueSpecification","valueRequired":true,"valueName":"search_term_string"}}],"inLanguage":"es"},{"@type":"Organization","@id":"https:\/\/xyte-mobility.com\/es\/#organization","name":"XYTE mobility","url":"https:\/\/xyte-mobility.com\/es\/","logo":{"@type":"ImageObject","inLanguage":"es","@id":"https:\/\/xyte-mobility.com\/es\/#\/schema\/logo\/image\/","url":"https:\/\/xyte-mobility.com\/wp-content\/uploads\/2025\/08\/logo.svg","contentUrl":"https:\/\/xyte-mobility.com\/wp-content\/uploads\/2025\/08\/logo.svg","width":142,"height":62,"caption":"XYTE mobility"},"image":{"@id":"https:\/\/xyte-mobility.com\/es\/#\/schema\/logo\/image\/"},"sameAs":["https:\/\/www.linkedin.com\/company\/xytemobility"]}]}},"_links":{"self":[{"href":"https:\/\/xyte-mobility.com\/es\/wp-json\/wp\/v2\/pages\/2248","targetHints":{"allow":["GET"]}}],"collection":[{"href":"https:\/\/xyte-mobility.com\/es\/wp-json\/wp\/v2\/pages"}],"about":[{"href":"https:\/\/xyte-mobility.com\/es\/wp-json\/wp\/v2\/types\/page"}],"author":[{"embeddable":true,"href":"https:\/\/xyte-mobility.com\/es\/wp-json\/wp\/v2\/users\/1"}],"replies":[{"embeddable":true,"href":"https:\/\/xyte-mobility.com\/es\/wp-json\/wp\/v2\/comments?post=2248"}],"version-history":[{"count":10,"href":"https:\/\/xyte-mobility.com\/es\/wp-json\/wp\/v2\/pages\/2248\/revisions"}],"predecessor-version":[{"id":3646,"href":"https:\/\/xyte-mobility.com\/es\/wp-json\/wp\/v2\/pages\/2248\/revisions\/3646"}],"wp:attachment":[{"href":"https:\/\/xyte-mobility.com\/es\/wp-json\/wp\/v2\/media?parent=2248"}],"curies":[{"name":"wp","href":"https:\/\/api.w.org\/{rel}","templated":true}]}}