{"id":2291,"date":"2025-02-28T11:24:55","date_gmt":"2025-02-28T11:24:55","guid":{"rendered":"https:\/\/xyte-mobility.com\/huella\/"},"modified":"2026-02-13T15:47:06","modified_gmt":"2026-02-13T15:47:06","slug":"huella","status":"publish","type":"page","link":"https:\/\/xyte-mobility.com\/es\/huella\/","title":{"rendered":"huella"},"content":{"rendered":"\t\t<div data-elementor-type=\"wp-page\" data-elementor-id=\"2291\" class=\"elementor elementor-2291 elementor-2\" data-elementor-post-type=\"page\">\n\t\t\t\t<div class=\"elementor-element elementor-element-260d7a8e e-con-full e-flex e-con e-parent\" data-id=\"260d7a8e\" data-element_type=\"container\">\n\t\t\t\t<div class=\"elementor-element elementor-element-ee9eedd elementor-widget elementor-widget-heading\" data-id=\"ee9eedd\" data-element_type=\"widget\" data-widget_type=\"heading.default\">\n\t\t\t\t\t<h2 class=\"elementor-heading-title elementor-size-default\">huella<\/h2>\t\t\t\t<\/div>\n\t\t\t\t<\/div>\n\t\t<div class=\"elementor-element elementor-element-dd0fb5f e-flex e-con-boxed e-con e-parent\" data-id=\"dd0fb5f\" data-element_type=\"container\">\n\t\t\t\t\t<div class=\"e-con-inner\">\n\t\t\t\t<div class=\"elementor-element elementor-element-145034d elementor-widget elementor-widget-text-editor\" data-id=\"145034d\" data-element_type=\"widget\" data-widget_type=\"text-editor.default\">\n\t\t\t\t\t\t\t\t\t<p class=\"p1\">Informaci\u00f3n seg\u00fan \u00a7 5 TMG (Telemediengesetz &#8211; Ley alemana de medios de comunicaci\u00f3n):<\/p>\t\t\t\t\t\t\t\t<\/div>\n\t\t\t\t\t<\/div>\n\t\t\t\t<\/div>\n\t\t<div class=\"elementor-element elementor-element-c2fbd2a e-flex e-con-boxed e-con e-parent\" data-id=\"c2fbd2a\" data-element_type=\"container\">\n\t\t\t\t\t<div class=\"e-con-inner\">\n\t\t\t\t<div class=\"elementor-element elementor-element-8dfc513 elementor-widget elementor-widget-text-editor\" data-id=\"8dfc513\" data-element_type=\"widget\" data-widget_type=\"text-editor.default\">\n\t\t\t\t\t\t\t\t\t<p dir=\"ltr\"><span style=\"font-size: 1rem;\">XYTE mobility GmbH<br><\/span><span style=\"font-size: 1rem;\">Ridlerstr. 57<br><\/span><span style=\"font-size: 1rem;\">80339 Munich, Germany<\/span><\/p><p dir=\"ltr\">Director general representante: Dr. Wolfgang Ziebart<\/p><p>Contacto:<br>Tel\u00e9fono: +49 160 8032999<br>Correo electr\u00f3nico: wziebart@xyte-mobility.com<\/p><p>Tribunal registrado: Tribunal de Distrito de M\u00fanich<br>N\u00famero de registro: HRB 298718<\/p><p>N\u00famero de identificaci\u00f3n fiscal seg\u00fan el \u00a7 27a UStG: DE452256239<br>Responsable del contenido editorial seg\u00fan el \u00a7 18, apartado 2 MStV: Dr. Wolfgang Ziebart <\/p>\t\t\t\t\t\t\t\t<\/div>\n\t\t\t\t\t<\/div>\n\t\t\t\t<\/div>\n\t\t<div class=\"elementor-element elementor-element-68b9181 e-flex e-con-boxed e-con e-parent\" data-id=\"68b9181\" data-element_type=\"container\">\n\t\t\t\t\t<div class=\"e-con-inner\">\n\t\t\t\t<div class=\"elementor-element elementor-element-2c359f1 elementor-widget elementor-widget-heading\" data-id=\"2c359f1\" data-element_type=\"widget\" data-widget_type=\"heading.default\">\n\t\t\t\t\t<h2 class=\"elementor-heading-title elementor-size-default\">Descargo de responsabilidad<\/h2>\t\t\t\t<\/div>\n\t\t\t\t\t<\/div>\n\t\t\t\t<\/div>\n\t\t<div class=\"elementor-element elementor-element-378c141 e-flex e-con-boxed e-con e-parent\" data-id=\"378c141\" data-element_type=\"container\">\n\t\t\t\t\t<div class=\"e-con-inner\">\n\t\t\t\t<div class=\"elementor-element elementor-element-51c2d81 elementor-widget elementor-widget-text-editor\" data-id=\"51c2d81\" data-element_type=\"widget\" data-widget_type=\"text-editor.default\">\n\t\t\t\t\t\t\t\t\t<p><strong>Responsabilidad por el contenido<\/strong><\/p><p>El contenido de nuestras p\u00e1ginas se ha creado con el m\u00e1ximo cuidado. Sin embargo, no podemos garantizar su exactitud, integridad ni actualidad. Como proveedor de servicios, somos responsables de nuestro propio contenido en estas p\u00e1ginas de conformidad con el \u00a7 7, p\u00e1rrafo 1, de la Ley de Telemedios (TMG) seg\u00fan las leyes generales. Seg\u00fan los \u00a7\u00a7 8 a 10 de la TMG, como proveedor de servicios no estamos obligados a supervisar la informaci\u00f3n de terceros transmitida o almacenada ni a investigar circunstancias que indiquen una actividad ilegal. Esto no afecta a la obligaci\u00f3n de eliminar o bloquear el uso de informaci\u00f3n seg\u00fan las leyes generales. No obstante, la responsabilidad a este respecto solo es posible a partir del momento en que tengamos conocimiento de una infracci\u00f3n legal espec\u00edfica. En cuanto tengamos conocimiento de la correspondiente infracci\u00f3n legal, eliminaremos dicho contenido inmediatamente.       <\/p><p><strong>Responsabilidad por los enlaces<\/strong><\/p><p>Nuestra oferta contiene enlaces a sitios web externos de terceros, sobre cuyo contenido no tenemos ninguna influencia. Por lo tanto, no asumimos ninguna responsabilidad por estos contenidos externos. El proveedor u operador de las p\u00e1ginas enlazadas es siempre responsable del contenido de las mismas. Las p\u00e1ginas enlazadas se revisaron para detectar posibles infracciones legales al momento de la vinculaci\u00f3n. No se detectaron contenidos ilegales al momento de la vinculaci\u00f3n. Sin embargo, no es razonable un control permanente del contenido de las p\u00e1ginas enlazadas sin pruebas concretas de una infracci\u00f3n legal.     <\/p><p>Al tener conocimiento de violaciones de la ley, eliminaremos dichos enlaces inmediatamente.<\/p><p><strong>Derechos de autor<\/strong><\/p><p>El contenido y las obras creadas por los operadores del sitio en estas p\u00e1ginas est\u00e1n sujetos a la legislaci\u00f3n alemana sobre derechos de autor. La reproducci\u00f3n, edici\u00f3n, distribuci\u00f3n y cualquier tipo de explotaci\u00f3n fuera de los l\u00edmites de los derechos de autor requieren el consentimiento por escrito del autor o creador correspondiente. Las descargas y copias de este sitio solo est\u00e1n permitidas para uso privado y no comercial. Siempre que el contenido de este sitio no haya sido creado por el operador, se respetan los derechos de autor de terceros. En particular, el contenido de terceros se identifica como tal. Si, a pesar de ello, tiene conocimiento de una infracci\u00f3n de derechos de autor, le rogamos que nos lo comunique.     <\/p><p>Al tener conocimiento de violaciones a la ley, eliminaremos dicho contenido inmediatamente.<\/p><p><strong>Protecci\u00f3n de datos<\/strong><\/p><p>Generalmente, puede utilizar nuestro sitio web sin proporcionar datos personales. Si recopilamos datos personales (por ejemplo, nombre, direcci\u00f3n postal o correo electr\u00f3nico) en nuestras p\u00e1ginas, lo hacemos siempre de forma voluntaria. Estos datos no se compartir\u00e1n con terceros sin su consentimiento expreso.  <\/p><p><a href=\"https:\/\/xyte-mobility.com\/es\/politica-de-privacidad\/\" target=\"_blank\" rel=\"noopener\">Le advertimos que la transmisi\u00f3n de datos por internet (p. ej., la comunicaci\u00f3n por correo electr\u00f3nico) puede presentar vulnerabilidades de seguridad. No es posible proteger completamente los datos contra el acceso de terceros. Puede encontrar informaci\u00f3n detallada sobre la protecci\u00f3n de datos en nuestro sitio web aqu\u00ed.<\/a>  <\/p><p>Queda expresamente prohibido el uso por parte de terceros de los datos de contacto publicados en el marco del aviso legal para el env\u00edo de publicidad y material informativo no solicitado. Los operadores de las p\u00e1ginas se reservan expresamente el derecho a emprender acciones legales en caso de env\u00edo no solicitado de informaci\u00f3n publicitaria, como correos electr\u00f3nicos no deseados. <\/p><p><em>Nota: Este pie de imprenta se basa en el generador de pie de imprenta de Kanzlei Hasselbach, Frankfurt, y la plantilla proporcionada por jurarat.de. \u00a1Muchas gracias! <\/em><\/p><p>[A partir de enero de 2026]<\/p>\t\t\t\t\t\t\t\t<\/div>\n\t\t\t\t\t<\/div>\n\t\t\t\t<\/div>\n\t\t\t\t<\/div>\n\t\t","protected":false},"excerpt":{"rendered":"<p>huella Informaci\u00f3n seg\u00fan \u00a7 5 TMG (Telemediengesetz &#8211; Ley alemana de medios de comunicaci\u00f3n): XYTE mobility GmbHRidlerstr. 5780339 Munich, Germany Director general representante: Dr. Wolfgang Ziebart Contacto:Tel\u00e9fono: +49 160 8032999Correo electr\u00f3nico: wziebart@xyte-mobility.com Tribunal registrado: Tribunal de Distrito de M\u00fanichN\u00famero de registro: HRB 298718 N\u00famero de identificaci\u00f3n fiscal seg\u00fan el \u00a7 27a UStG: DE452256239Responsable del contenido [&hellip;]<\/p>\n","protected":false},"author":1,"featured_media":0,"parent":0,"menu_order":0,"comment_status":"closed","ping_status":"closed","template":"","meta":{"_acf_changed":false,"content-type":"","inline_featured_image":false,"footnotes":""},"class_list":["post-2291","page","type-page","status-publish","hentry"],"acf":[],"yoast_head":"<!-- This site is optimized with the Yoast SEO plugin v25.7 - https:\/\/yoast.com\/wordpress\/plugins\/seo\/ -->\n<title>huella - XYTE mobility<\/title>\n<meta name=\"robots\" content=\"index, follow, max-snippet:-1, max-image-preview:large, max-video-preview:-1\" \/>\n<link rel=\"canonical\" href=\"https:\/\/xyte-mobility.com\/es\/huella\/\" \/>\n<meta property=\"og:locale\" content=\"es_ES\" \/>\n<meta property=\"og:type\" content=\"article\" \/>\n<meta property=\"og:title\" content=\"huella - XYTE mobility\" \/>\n<meta property=\"og:description\" content=\"huella Informaci\u00f3n seg\u00fan \u00a7 5 TMG (Telemediengesetz &#8211; Ley alemana de medios de comunicaci\u00f3n): XYTE mobility GmbHRidlerstr. 5780339 Munich, Germany Director general representante: Dr. Wolfgang Ziebart Contacto:Tel\u00e9fono: +49 160 8032999Correo electr\u00f3nico: wziebart@xyte-mobility.com Tribunal registrado: Tribunal de Distrito de M\u00fanichN\u00famero de registro: HRB 298718 N\u00famero de identificaci\u00f3n fiscal seg\u00fan el \u00a7 27a UStG: DE452256239Responsable del contenido [&hellip;]\" \/>\n<meta property=\"og:url\" content=\"https:\/\/xyte-mobility.com\/es\/huella\/\" \/>\n<meta property=\"og:site_name\" content=\"XYTE mobility\" \/>\n<meta property=\"article:modified_time\" content=\"2026-02-13T15:47:06+00:00\" \/>\n<meta name=\"twitter:card\" content=\"summary_large_image\" \/>\n<meta name=\"twitter:label1\" content=\"Tiempo de lectura\" \/>\n\t<meta name=\"twitter:data1\" content=\"3 minutos\" \/>\n<script type=\"application\/ld+json\" class=\"yoast-schema-graph\">{\"@context\":\"https:\/\/schema.org\",\"@graph\":[{\"@type\":\"WebPage\",\"@id\":\"https:\/\/xyte-mobility.com\/es\/huella\/\",\"url\":\"https:\/\/xyte-mobility.com\/es\/huella\/\",\"name\":\"huella - XYTE mobility\",\"isPartOf\":{\"@id\":\"https:\/\/xyte-mobility.com\/es\/#website\"},\"datePublished\":\"2025-02-28T11:24:55+00:00\",\"dateModified\":\"2026-02-13T15:47:06+00:00\",\"breadcrumb\":{\"@id\":\"https:\/\/xyte-mobility.com\/es\/huella\/#breadcrumb\"},\"inLanguage\":\"es\",\"potentialAction\":[{\"@type\":\"ReadAction\",\"target\":[\"https:\/\/xyte-mobility.com\/es\/huella\/\"]}]},{\"@type\":\"BreadcrumbList\",\"@id\":\"https:\/\/xyte-mobility.com\/es\/huella\/#breadcrumb\",\"itemListElement\":[{\"@type\":\"ListItem\",\"position\":1,\"name\":\"Home\",\"item\":\"https:\/\/xyte-mobility.com\/es\/\"},{\"@type\":\"ListItem\",\"position\":2,\"name\":\"huella\"}]},{\"@type\":\"WebSite\",\"@id\":\"https:\/\/xyte-mobility.com\/es\/#website\",\"url\":\"https:\/\/xyte-mobility.com\/es\/\",\"name\":\"XYTE mobility\",\"description\":\"\",\"publisher\":{\"@id\":\"https:\/\/xyte-mobility.com\/es\/#organization\"},\"potentialAction\":[{\"@type\":\"SearchAction\",\"target\":{\"@type\":\"EntryPoint\",\"urlTemplate\":\"https:\/\/xyte-mobility.com\/es\/?s={search_term_string}\"},\"query-input\":{\"@type\":\"PropertyValueSpecification\",\"valueRequired\":true,\"valueName\":\"search_term_string\"}}],\"inLanguage\":\"es\"},{\"@type\":\"Organization\",\"@id\":\"https:\/\/xyte-mobility.com\/es\/#organization\",\"name\":\"XYTE mobility\",\"url\":\"https:\/\/xyte-mobility.com\/es\/\",\"logo\":{\"@type\":\"ImageObject\",\"inLanguage\":\"es\",\"@id\":\"https:\/\/xyte-mobility.com\/es\/#\/schema\/logo\/image\/\",\"url\":\"https:\/\/xyte-mobility.com\/wp-content\/uploads\/2025\/08\/logo.svg\",\"contentUrl\":\"https:\/\/xyte-mobility.com\/wp-content\/uploads\/2025\/08\/logo.svg\",\"width\":142,\"height\":62,\"caption\":\"XYTE mobility\"},\"image\":{\"@id\":\"https:\/\/xyte-mobility.com\/es\/#\/schema\/logo\/image\/\"},\"sameAs\":[\"https:\/\/www.linkedin.com\/company\/xytemobility\"]}]}<\/script>\n<!-- \/ Yoast SEO plugin. -->","yoast_head_json":{"title":"huella - XYTE mobility","robots":{"index":"index","follow":"follow","max-snippet":"max-snippet:-1","max-image-preview":"max-image-preview:large","max-video-preview":"max-video-preview:-1"},"canonical":"https:\/\/xyte-mobility.com\/es\/huella\/","og_locale":"es_ES","og_type":"article","og_title":"huella - XYTE mobility","og_description":"huella Informaci\u00f3n seg\u00fan \u00a7 5 TMG (Telemediengesetz &#8211; Ley alemana de medios de comunicaci\u00f3n): XYTE mobility GmbHRidlerstr. 5780339 Munich, Germany Director general representante: Dr. Wolfgang Ziebart Contacto:Tel\u00e9fono: +49 160 8032999Correo electr\u00f3nico: wziebart@xyte-mobility.com Tribunal registrado: Tribunal de Distrito de M\u00fanichN\u00famero de registro: HRB 298718 N\u00famero de identificaci\u00f3n fiscal seg\u00fan el \u00a7 27a UStG: DE452256239Responsable del contenido [&hellip;]","og_url":"https:\/\/xyte-mobility.com\/es\/huella\/","og_site_name":"XYTE mobility","article_modified_time":"2026-02-13T15:47:06+00:00","twitter_card":"summary_large_image","twitter_misc":{"Tiempo de lectura":"3 minutos"},"schema":{"@context":"https:\/\/schema.org","@graph":[{"@type":"WebPage","@id":"https:\/\/xyte-mobility.com\/es\/huella\/","url":"https:\/\/xyte-mobility.com\/es\/huella\/","name":"huella - XYTE mobility","isPartOf":{"@id":"https:\/\/xyte-mobility.com\/es\/#website"},"datePublished":"2025-02-28T11:24:55+00:00","dateModified":"2026-02-13T15:47:06+00:00","breadcrumb":{"@id":"https:\/\/xyte-mobility.com\/es\/huella\/#breadcrumb"},"inLanguage":"es","potentialAction":[{"@type":"ReadAction","target":["https:\/\/xyte-mobility.com\/es\/huella\/"]}]},{"@type":"BreadcrumbList","@id":"https:\/\/xyte-mobility.com\/es\/huella\/#breadcrumb","itemListElement":[{"@type":"ListItem","position":1,"name":"Home","item":"https:\/\/xyte-mobility.com\/es\/"},{"@type":"ListItem","position":2,"name":"huella"}]},{"@type":"WebSite","@id":"https:\/\/xyte-mobility.com\/es\/#website","url":"https:\/\/xyte-mobility.com\/es\/","name":"XYTE mobility","description":"","publisher":{"@id":"https:\/\/xyte-mobility.com\/es\/#organization"},"potentialAction":[{"@type":"SearchAction","target":{"@type":"EntryPoint","urlTemplate":"https:\/\/xyte-mobility.com\/es\/?s={search_term_string}"},"query-input":{"@type":"PropertyValueSpecification","valueRequired":true,"valueName":"search_term_string"}}],"inLanguage":"es"},{"@type":"Organization","@id":"https:\/\/xyte-mobility.com\/es\/#organization","name":"XYTE mobility","url":"https:\/\/xyte-mobility.com\/es\/","logo":{"@type":"ImageObject","inLanguage":"es","@id":"https:\/\/xyte-mobility.com\/es\/#\/schema\/logo\/image\/","url":"https:\/\/xyte-mobility.com\/wp-content\/uploads\/2025\/08\/logo.svg","contentUrl":"https:\/\/xyte-mobility.com\/wp-content\/uploads\/2025\/08\/logo.svg","width":142,"height":62,"caption":"XYTE mobility"},"image":{"@id":"https:\/\/xyte-mobility.com\/es\/#\/schema\/logo\/image\/"},"sameAs":["https:\/\/www.linkedin.com\/company\/xytemobility"]}]}},"_links":{"self":[{"href":"https:\/\/xyte-mobility.com\/es\/wp-json\/wp\/v2\/pages\/2291","targetHints":{"allow":["GET"]}}],"collection":[{"href":"https:\/\/xyte-mobility.com\/es\/wp-json\/wp\/v2\/pages"}],"about":[{"href":"https:\/\/xyte-mobility.com\/es\/wp-json\/wp\/v2\/types\/page"}],"author":[{"embeddable":true,"href":"https:\/\/xyte-mobility.com\/es\/wp-json\/wp\/v2\/users\/1"}],"replies":[{"embeddable":true,"href":"https:\/\/xyte-mobility.com\/es\/wp-json\/wp\/v2\/comments?post=2291"}],"version-history":[{"count":10,"href":"https:\/\/xyte-mobility.com\/es\/wp-json\/wp\/v2\/pages\/2291\/revisions"}],"predecessor-version":[{"id":3611,"href":"https:\/\/xyte-mobility.com\/es\/wp-json\/wp\/v2\/pages\/2291\/revisions\/3611"}],"wp:attachment":[{"href":"https:\/\/xyte-mobility.com\/es\/wp-json\/wp\/v2\/media?parent=2291"}],"curies":[{"name":"wp","href":"https:\/\/api.w.org\/{rel}","templated":true}]}}