{"id":2415,"date":"2025-02-28T11:24:55","date_gmt":"2025-02-28T11:24:55","guid":{"rendered":"https:\/\/xyte-mobility.com\/politica-de-privacidad\/"},"modified":"2026-01-05T10:31:16","modified_gmt":"2026-01-05T10:31:16","slug":"politica-de-privacidad","status":"publish","type":"page","link":"https:\/\/xyte-mobility.com\/es\/politica-de-privacidad\/","title":{"rendered":"Pol\u00edtica de privacidad"},"content":{"rendered":"\t\t<div data-elementor-type=\"wp-page\" data-elementor-id=\"2415\" class=\"elementor elementor-2415 elementor-3\" data-elementor-post-type=\"page\">\n\t\t\t\t<div class=\"elementor-element elementor-element-ab14773 e-con-full e-flex e-con e-parent\" data-id=\"ab14773\" data-element_type=\"container\">\n\t\t\t\t<div class=\"elementor-element elementor-element-7123001 elementor-widget elementor-widget-heading\" data-id=\"7123001\" data-element_type=\"widget\" data-widget_type=\"heading.default\">\n\t\t\t\t\t<h2 class=\"elementor-heading-title elementor-size-default\">Pol\u00edtica de privacidad<\/h2>\t\t\t\t<\/div>\n\t\t\t\t<\/div>\n\t\t<div class=\"elementor-element elementor-element-869e388 e-flex e-con-boxed e-con e-parent\" data-id=\"869e388\" data-element_type=\"container\">\n\t\t\t\t\t<div class=\"e-con-inner\">\n\t\t\t\t<div class=\"elementor-element elementor-element-4b56e0f elementor-widget elementor-widget-text-editor\" data-id=\"4b56e0f\" data-element_type=\"widget\" data-widget_type=\"text-editor.default\">\n\t\t\t\t\t\t\t\t\t<p><em>Versi\u00f3n 1.1 \u2013 Fecha: 1 de enero de 2026<\/em><\/p>\t\t\t\t\t\t\t\t<\/div>\n\t\t\t\t\t<\/div>\n\t\t\t\t<\/div>\n\t\t<div class=\"elementor-element elementor-element-971e9f4 e-flex e-con-boxed e-con e-parent\" data-id=\"971e9f4\" data-element_type=\"container\">\n\t\t\t\t\t<div class=\"e-con-inner\">\n\t\t\t\t<div class=\"elementor-element elementor-element-c74b9d5 elementor-widget elementor-widget-text-editor\" data-id=\"c74b9d5\" data-element_type=\"widget\" data-widget_type=\"text-editor.default\">\n\t\t\t\t\t\t\t\t\t<p><strong>Responsable del tratamiento (Art. 4 n\u00fam. 7 RGPD)<\/strong><br>XYTE mobility GmbH, Ridlerstr. 57, 80339 M\u00fanich, Alemania<br>E-mail: <a href=\"mailto:privacy@xyte-mobility.com\">privacy@xyte-mobility.com<\/a>, Tel: +49 179 9093745 <\/p><p><strong>Delegado de Protecci\u00f3n de Datos<\/strong><br>No se ha designado un delegado de protecci\u00f3n de datos porque menos de 20 empleados procesan regularmente datos personales (\u00a7 38 BDSG).<\/p><p><strong>Hosting<\/strong><br>Este sitio web est\u00e1 alojado por united-domains AG, Gauting (Alemania). Los archivos de registro del servidor (direcci\u00f3n IP, fecha\/hora, tipo de navegador, URL de referencia, agente de usuario) se procesan para garantizar la estabilidad y la seguridad. Base jur\u00eddica: Art. 6 (1)(f) del RGPD. Periodo de conservaci\u00f3n: 14 d\u00edas.   <\/p><p><strong>Gesti\u00f3n de cookies y consentimiento (art. 25 TTDSG, art. 6 (1) RGPD) <\/strong><br>Las cookies esenciales garantizan el funcionamiento b\u00e1sico del sitio web (art. 6 (1)(f) del RGPD). Las cookies de estad\u00edsticas y marketing solo se utilizan tras su consentimiento (art. 6 (1)(a) del RGPD). Puede revocar su consentimiento en cualquier momento a trav\u00e9s de la configuraci\u00f3n de cookies.    <\/p><p><strong>Google Analytics 4<\/strong><br>Google Analytics se utiliza \u00fanicamente con su consentimiento. La anonimizaci\u00f3n de IP est\u00e1 habilitada. Las transferencias de datos a EE. UU. se basan en el Marco de Privacidad de Datos UE-EE. UU. (MPD) y las Cl\u00e1usulas Contractuales Tipo (CCT). Finalidad: an\u00e1lisis del uso y optimizaci\u00f3n del sitio web. Base jur\u00eddica: Art. 6 (1)(a) del RGPD. Periodo de conservaci\u00f3n: datos de eventos 14 meses, ID de usuario 2 meses o hasta la revocaci\u00f3n.     <\/p><p><strong>Google Ads and Remarketing<\/strong><br>Con su consentimiento, se utilizan cookies e identificadores de anuncios de Google para mostrar anuncios personalizados en sitios web externos. Las transferencias de datos a EE. UU. se basan en el DPF y las Cl\u00e1usulas Conjuntas de Protecci\u00f3n de Datos (CCC). Base jur\u00eddica: Art. 6 (1)(a) del RGPD.  <\/p><p><strong>LinkedIn Insight Tag<\/strong><br>Recopila URL, referencia, direcci\u00f3n IP, informaci\u00f3n del dispositivo y marca de tiempo para obtener informaci\u00f3n de la audiencia y realizar retargeting. Las transferencias de datos a EE. UU. se basan en el DPF y las Cl\u00e1usulas Conjuntas de Protecci\u00f3n de Datos (SCC). Base legal: Art. 6 (1)(a) del RGPD.  <\/p><p><strong>Embedded YouTube Videos<\/strong><br>Los v\u00eddeos se cargan en modo de privacidad mejorada y se activan solo al hacer clic en ellos. Los datos podr\u00edan transferirse a Google LLC, EE. UU. Base jur\u00eddica: Art. 6 (1)(a) del RGPD. Puede desactivar la inserci\u00f3n de v\u00eddeos mediante el banner de consentimiento.   <\/p><p><strong>Google Fonts (Local Hosting)<\/strong><br>Utilizamos fuentes de Google alojadas localmente para garantizar la coherencia tipogr\u00e1fica; no se establece ninguna conexi\u00f3n con los servidores de Google. Base jur\u00eddica: Art. 6(1)(f) del RGPD (inter\u00e9s leg\u00edtimo en un dise\u00f1o corporativo coherente).<\/p><p><strong>Pagos via Stripe<\/strong><br>Procesamos su nombre, direcci\u00f3n postal, direcci\u00f3n de correo electr\u00f3nico, datos de pago y direcci\u00f3n IP a trav\u00e9s de Stripe Payments (Stripe Inc., EE. UU.) para el cumplimiento de contratos y la prevenci\u00f3n del fraude. Las transferencias de datos a EE. UU. se basan en el DPF y las Cl\u00e1usulas Conjuntas de Comercio Electr\u00f3nico (CCC). Fundamento jur\u00eddico: Art. 6 (1)(b) y (f) del RGPD. Plazo de conservaci\u00f3n: 6-10 a\u00f1os, de conformidad con la legislaci\u00f3n fiscal y mercantil.   <\/p><p><strong>Formulario de contacto y HubSpot CRM<\/strong><br>Los datos introducidos en el formulario de contacto (nombre, correo electr\u00f3nico, mensaje) se almacenan en HubSpot CRM (servidores de la UE) para gestionar su solicitud y, en su caso, iniciar una relaci\u00f3n comercial. Base legal: Art. 6 (1)(b) o (f) del RGPD. Plazo de conservaci\u00f3n: 12 meses, salvo que la ley exija un plazo de conservaci\u00f3n m\u00e1s largo.  <\/p><p><strong>Newsletter (HubSpot)<\/strong><br>Se env\u00eda mediante un proceso de doble opt-in. Datos recopilados: direcci\u00f3n de correo electr\u00f3nico, direcci\u00f3n IP, fecha y hora de la suscripci\u00f3n, as\u00ed como comportamiento de apertura y clics. Base jur\u00eddica: Art. 6 (1)(a) del RGPD. Puede darse de baja en cualquier momento a trav\u00e9s del enlace del bolet\u00edn.   <\/p><p><strong>Presencia en redes sociales y en LinkedIn<\/strong><br>Para LinkedIn Page Insights, LinkedIn Ireland y nosotros somos corresponsables del tratamiento de datos (art. 26 del RGPD; Anexo sobre corresponsabilidad). Base jur\u00eddica: art. 6 (1)(f) del RGPD. <\/p><p><strong>Transferencias de datos a terceros pa\u00edses<\/strong><br>Las transferencias a empresas estadounidenses solo ocurren si est\u00e1n certificadas bajo el DPF UE-EE. UU. y existen cl\u00e1usulas contractuales est\u00e1ndar, o si usted ha dado su consentimiento expl\u00edcito (art\u00edculo 49 (1) (a) del RGPD). <\/p><p><strong>Destinatarios<\/strong><br>Departamentos internos (marketing, ventas, TI), proveedores de servicios de TI y alojamiento, proveedores de pagos y autoridades cuando sea legalmente requerido.<\/p><p><strong>Toma de decisiones automatizada \/ Elaboraci\u00f3n de perfiles<\/strong><br>No se lleva a cabo.<\/p><p><strong>Retenci\u00f3n\/Eliminaci\u00f3n de datos<\/strong><br>Los datos personales se eliminan tan pronto como el prop\u00f3sito ya no es aplicable o expiran los per\u00edodos de retenci\u00f3n legales.<\/p><p><strong>Tus derechos<\/strong><br>Tiene derecho a acceder, rectificar, suprimir, restringir el tratamiento, portabilidad de datos, oponerse y revocar su consentimiento. Puede presentar una reclamaci\u00f3n ante cualquier autoridad de control, en particular ante la Oficina Estatal de Supervisi\u00f3n de la Protecci\u00f3n de Datos de Baviera (BayLDA) en Ansbach, Alemania. <\/p><p><strong>Cambios a esta Pol\u00edtica de Privacidad<\/strong><br>Actualizamos esta pol\u00edtica siempre que cambian los requisitos legales o nuestras actividades de tratamiento. La versi\u00f3n actual est\u00e1 siempre disponible en nuestro sitio web. <\/p>\t\t\t\t\t\t\t\t<\/div>\n\t\t\t\t\t<\/div>\n\t\t\t\t<\/div>\n\t\t\t\t<\/div>\n\t\t","protected":false},"excerpt":{"rendered":"<p>Pol\u00edtica de privacidad Versi\u00f3n 1.1 \u2013 Fecha: 1 de enero de 2026 Responsable del tratamiento (Art. 4 n\u00fam. 7 RGPD)XYTE mobility GmbH, Ridlerstr. 57, 80339 M\u00fanich, AlemaniaE-mail: privacy@xyte-mobility.com, Tel: +49 179 9093745 Delegado de Protecci\u00f3n de DatosNo se ha designado un delegado de protecci\u00f3n de datos porque menos de 20 empleados procesan regularmente datos personales [&hellip;]<\/p>\n","protected":false},"author":1,"featured_media":0,"parent":0,"menu_order":0,"comment_status":"closed","ping_status":"closed","template":"","meta":{"_acf_changed":false,"content-type":"","inline_featured_image":false,"footnotes":""},"class_list":["post-2415","page","type-page","status-publish","hentry"],"acf":[],"yoast_head":"<!-- This site is optimized with the Yoast SEO plugin v25.7 - https:\/\/yoast.com\/wordpress\/plugins\/seo\/ -->\n<title>Pol\u00edtica de privacidad - XYTE mobility<\/title>\n<meta name=\"robots\" content=\"index, follow, max-snippet:-1, max-image-preview:large, max-video-preview:-1\" \/>\n<link rel=\"canonical\" href=\"https:\/\/xyte-mobility.com\/es\/politica-de-privacidad\/\" \/>\n<meta property=\"og:locale\" content=\"es_ES\" \/>\n<meta property=\"og:type\" content=\"article\" \/>\n<meta property=\"og:title\" content=\"Pol\u00edtica de privacidad - XYTE mobility\" \/>\n<meta property=\"og:description\" content=\"Pol\u00edtica de privacidad Versi\u00f3n 1.1 \u2013 Fecha: 1 de enero de 2026 Responsable del tratamiento (Art. 4 n\u00fam. 7 RGPD)XYTE mobility GmbH, Ridlerstr. 57, 80339 M\u00fanich, AlemaniaE-mail: privacy@xyte-mobility.com, Tel: +49 179 9093745 Delegado de Protecci\u00f3n de DatosNo se ha designado un delegado de protecci\u00f3n de datos porque menos de 20 empleados procesan regularmente datos personales [&hellip;]\" \/>\n<meta property=\"og:url\" content=\"https:\/\/xyte-mobility.com\/es\/politica-de-privacidad\/\" \/>\n<meta property=\"og:site_name\" content=\"XYTE mobility\" \/>\n<meta property=\"article:modified_time\" content=\"2026-01-05T10:31:16+00:00\" \/>\n<meta name=\"twitter:card\" content=\"summary_large_image\" \/>\n<meta name=\"twitter:label1\" content=\"Tiempo de lectura\" \/>\n\t<meta name=\"twitter:data1\" content=\"4 minutos\" \/>\n<script type=\"application\/ld+json\" class=\"yoast-schema-graph\">{\"@context\":\"https:\/\/schema.org\",\"@graph\":[{\"@type\":\"WebPage\",\"@id\":\"https:\/\/xyte-mobility.com\/es\/politica-de-privacidad\/\",\"url\":\"https:\/\/xyte-mobility.com\/es\/politica-de-privacidad\/\",\"name\":\"Pol\u00edtica de privacidad - XYTE mobility\",\"isPartOf\":{\"@id\":\"https:\/\/xyte-mobility.com\/es\/#website\"},\"datePublished\":\"2025-02-28T11:24:55+00:00\",\"dateModified\":\"2026-01-05T10:31:16+00:00\",\"breadcrumb\":{\"@id\":\"https:\/\/xyte-mobility.com\/es\/politica-de-privacidad\/#breadcrumb\"},\"inLanguage\":\"es\",\"potentialAction\":[{\"@type\":\"ReadAction\",\"target\":[\"https:\/\/xyte-mobility.com\/es\/politica-de-privacidad\/\"]}]},{\"@type\":\"BreadcrumbList\",\"@id\":\"https:\/\/xyte-mobility.com\/es\/politica-de-privacidad\/#breadcrumb\",\"itemListElement\":[{\"@type\":\"ListItem\",\"position\":1,\"name\":\"Home\",\"item\":\"https:\/\/xyte-mobility.com\/es\/\"},{\"@type\":\"ListItem\",\"position\":2,\"name\":\"Pol\u00edtica de privacidad\"}]},{\"@type\":\"WebSite\",\"@id\":\"https:\/\/xyte-mobility.com\/es\/#website\",\"url\":\"https:\/\/xyte-mobility.com\/es\/\",\"name\":\"XYTE mobility\",\"description\":\"\",\"publisher\":{\"@id\":\"https:\/\/xyte-mobility.com\/es\/#organization\"},\"potentialAction\":[{\"@type\":\"SearchAction\",\"target\":{\"@type\":\"EntryPoint\",\"urlTemplate\":\"https:\/\/xyte-mobility.com\/es\/?s={search_term_string}\"},\"query-input\":{\"@type\":\"PropertyValueSpecification\",\"valueRequired\":true,\"valueName\":\"search_term_string\"}}],\"inLanguage\":\"es\"},{\"@type\":\"Organization\",\"@id\":\"https:\/\/xyte-mobility.com\/es\/#organization\",\"name\":\"XYTE mobility\",\"url\":\"https:\/\/xyte-mobility.com\/es\/\",\"logo\":{\"@type\":\"ImageObject\",\"inLanguage\":\"es\",\"@id\":\"https:\/\/xyte-mobility.com\/es\/#\/schema\/logo\/image\/\",\"url\":\"https:\/\/xyte-mobility.com\/wp-content\/uploads\/2025\/08\/logo.svg\",\"contentUrl\":\"https:\/\/xyte-mobility.com\/wp-content\/uploads\/2025\/08\/logo.svg\",\"width\":142,\"height\":62,\"caption\":\"XYTE mobility\"},\"image\":{\"@id\":\"https:\/\/xyte-mobility.com\/es\/#\/schema\/logo\/image\/\"},\"sameAs\":[\"https:\/\/www.linkedin.com\/company\/xytemobility\"]}]}<\/script>\n<!-- \/ Yoast SEO plugin. -->","yoast_head_json":{"title":"Pol\u00edtica de privacidad - XYTE mobility","robots":{"index":"index","follow":"follow","max-snippet":"max-snippet:-1","max-image-preview":"max-image-preview:large","max-video-preview":"max-video-preview:-1"},"canonical":"https:\/\/xyte-mobility.com\/es\/politica-de-privacidad\/","og_locale":"es_ES","og_type":"article","og_title":"Pol\u00edtica de privacidad - XYTE mobility","og_description":"Pol\u00edtica de privacidad Versi\u00f3n 1.1 \u2013 Fecha: 1 de enero de 2026 Responsable del tratamiento (Art. 4 n\u00fam. 7 RGPD)XYTE mobility GmbH, Ridlerstr. 57, 80339 M\u00fanich, AlemaniaE-mail: privacy@xyte-mobility.com, Tel: +49 179 9093745 Delegado de Protecci\u00f3n de DatosNo se ha designado un delegado de protecci\u00f3n de datos porque menos de 20 empleados procesan regularmente datos personales [&hellip;]","og_url":"https:\/\/xyte-mobility.com\/es\/politica-de-privacidad\/","og_site_name":"XYTE mobility","article_modified_time":"2026-01-05T10:31:16+00:00","twitter_card":"summary_large_image","twitter_misc":{"Tiempo de lectura":"4 minutos"},"schema":{"@context":"https:\/\/schema.org","@graph":[{"@type":"WebPage","@id":"https:\/\/xyte-mobility.com\/es\/politica-de-privacidad\/","url":"https:\/\/xyte-mobility.com\/es\/politica-de-privacidad\/","name":"Pol\u00edtica de privacidad - XYTE mobility","isPartOf":{"@id":"https:\/\/xyte-mobility.com\/es\/#website"},"datePublished":"2025-02-28T11:24:55+00:00","dateModified":"2026-01-05T10:31:16+00:00","breadcrumb":{"@id":"https:\/\/xyte-mobility.com\/es\/politica-de-privacidad\/#breadcrumb"},"inLanguage":"es","potentialAction":[{"@type":"ReadAction","target":["https:\/\/xyte-mobility.com\/es\/politica-de-privacidad\/"]}]},{"@type":"BreadcrumbList","@id":"https:\/\/xyte-mobility.com\/es\/politica-de-privacidad\/#breadcrumb","itemListElement":[{"@type":"ListItem","position":1,"name":"Home","item":"https:\/\/xyte-mobility.com\/es\/"},{"@type":"ListItem","position":2,"name":"Pol\u00edtica de privacidad"}]},{"@type":"WebSite","@id":"https:\/\/xyte-mobility.com\/es\/#website","url":"https:\/\/xyte-mobility.com\/es\/","name":"XYTE mobility","description":"","publisher":{"@id":"https:\/\/xyte-mobility.com\/es\/#organization"},"potentialAction":[{"@type":"SearchAction","target":{"@type":"EntryPoint","urlTemplate":"https:\/\/xyte-mobility.com\/es\/?s={search_term_string}"},"query-input":{"@type":"PropertyValueSpecification","valueRequired":true,"valueName":"search_term_string"}}],"inLanguage":"es"},{"@type":"Organization","@id":"https:\/\/xyte-mobility.com\/es\/#organization","name":"XYTE mobility","url":"https:\/\/xyte-mobility.com\/es\/","logo":{"@type":"ImageObject","inLanguage":"es","@id":"https:\/\/xyte-mobility.com\/es\/#\/schema\/logo\/image\/","url":"https:\/\/xyte-mobility.com\/wp-content\/uploads\/2025\/08\/logo.svg","contentUrl":"https:\/\/xyte-mobility.com\/wp-content\/uploads\/2025\/08\/logo.svg","width":142,"height":62,"caption":"XYTE mobility"},"image":{"@id":"https:\/\/xyte-mobility.com\/es\/#\/schema\/logo\/image\/"},"sameAs":["https:\/\/www.linkedin.com\/company\/xytemobility"]}]}},"_links":{"self":[{"href":"https:\/\/xyte-mobility.com\/es\/wp-json\/wp\/v2\/pages\/2415","targetHints":{"allow":["GET"]}}],"collection":[{"href":"https:\/\/xyte-mobility.com\/es\/wp-json\/wp\/v2\/pages"}],"about":[{"href":"https:\/\/xyte-mobility.com\/es\/wp-json\/wp\/v2\/types\/page"}],"author":[{"embeddable":true,"href":"https:\/\/xyte-mobility.com\/es\/wp-json\/wp\/v2\/users\/1"}],"replies":[{"embeddable":true,"href":"https:\/\/xyte-mobility.com\/es\/wp-json\/wp\/v2\/comments?post=2415"}],"version-history":[{"count":6,"href":"https:\/\/xyte-mobility.com\/es\/wp-json\/wp\/v2\/pages\/2415\/revisions"}],"predecessor-version":[{"id":3169,"href":"https:\/\/xyte-mobility.com\/es\/wp-json\/wp\/v2\/pages\/2415\/revisions\/3169"}],"wp:attachment":[{"href":"https:\/\/xyte-mobility.com\/es\/wp-json\/wp\/v2\/media?parent=2415"}],"curies":[{"name":"wp","href":"https:\/\/api.w.org\/{rel}","templated":true}]}}