{"id":3503,"date":"2026-01-19T11:17:13","date_gmt":"2026-01-19T11:17:13","guid":{"rendered":"https:\/\/xyte-mobility.com\/?page_id=3503"},"modified":"2026-01-19T13:28:56","modified_gmt":"2026-01-19T13:28:56","slug":"red-de-colaboradores","status":"publish","type":"page","link":"https:\/\/xyte-mobility.com\/es\/red-de-colaboradores\/","title":{"rendered":"Red de colaboradores"},"content":{"rendered":"\t\t<div data-elementor-type=\"wp-page\" data-elementor-id=\"3503\" class=\"elementor elementor-3503 elementor-3374\" data-elementor-post-type=\"page\">\n\t\t\t\t<div class=\"elementor-element elementor-element-ae71032 e-con-full e-flex e-con e-child\" data-id=\"ae71032\" data-element_type=\"container\">\n\t\t\t\t<div class=\"elementor-element elementor-element-3fa93f0 elementor-widget elementor-widget-heading\" data-id=\"3fa93f0\" data-element_type=\"widget\" data-widget_type=\"heading.default\">\n\t\t\t\t\t<h2 class=\"elementor-heading-title elementor-size-default\">Red de colaboradores<\/h2>\t\t\t\t<\/div>\n\t\t\t\t<\/div>\n\t\t<div class=\"elementor-element elementor-element-f89d4b7 e-flex e-con-boxed e-con e-child\" data-id=\"f89d4b7\" data-element_type=\"container\">\n\t\t\t\t\t<div class=\"e-con-inner\">\n\t\t\t\t<div class=\"elementor-element elementor-element-ef10070 elementor-widget elementor-widget-text-editor\" data-id=\"ef10070\" data-element_type=\"widget\" data-widget_type=\"text-editor.default\">\n\t\t\t\t\t\t\t\t\t<p><b>\u00abLas mejores experiencias con los productos se basan en un servicio excelente.<\/b><br>Gracias a nuestra red en expansi\u00f3n por las principales ciudades europeas, nuestros clientes pueden contar con un mantenimiento profesional, asistencia en materia de garant\u00eda y pruebas de conducci\u00f3n cerca de donde viven y conducen\u00bb.<\/p><p><b>Gianfranco Pizzuto<\/b><br><span style=\"letter-spacing: -0.09px;\">Director comercial<\/span><\/p>\t\t\t\t\t\t\t\t<\/div>\n\t\t\t\t\t<\/div>\n\t\t\t\t<\/div>\n\t\t<div class=\"elementor-element elementor-element-8dbb739 e-flex e-con-boxed e-con e-parent\" data-id=\"8dbb739\" data-element_type=\"container\">\n\t\t\t\t\t<div class=\"e-con-inner\">\n\t\t<div class=\"elementor-element elementor-element-8e04f69 e-con-full e-flex e-con e-child\" data-id=\"8e04f69\" data-element_type=\"container\">\n\t\t\t\t<div class=\"elementor-element elementor-element-43385e8 elementor-widget elementor-widget-shortcode\" data-id=\"43385e8\" data-element_type=\"widget\" data-widget_type=\"shortcode.default\">\n\t\t\t\t\t\t\t<div class=\"elementor-shortcode\"><div id=\"partners-filters-container\"><\/div><div id=\"partners-list-container\" class=\"flex flex-col\"><\/div><div id=\"partners-loading\" class=\"text-center py-8\">Loading partners...<\/div><div id=\"partners-error\" class=\"hidden text-center py-8 text-red-600\"><\/div><\/div>\n\t\t\t\t\t\t<\/div>\n\t\t\t\t<\/div>\n\t\t\t\t\t<\/div>\n\t\t\t\t<\/div>\n\t\t<div class=\"elementor-element elementor-element-8a0862a e-con-full e-flex e-con e-child\" data-id=\"8a0862a\" data-element_type=\"container\">\n\t\t\t\t<div class=\"elementor-element elementor-element-893fd8f elementor-widget elementor-widget-heading\" data-id=\"893fd8f\" data-element_type=\"widget\" data-widget_type=\"heading.default\">\n\t\t\t\t\t<h3 class=\"elementor-heading-title elementor-size-default\"><b>\u00bfTe interesa convertirte en socio?<\/b><\/h3>\t\t\t\t<\/div>\n\t\t\t\t<\/div>\n\t\t<div class=\"elementor-element elementor-element-bb9e1c0 e-flex e-con-boxed e-con e-child\" data-id=\"bb9e1c0\" data-element_type=\"container\">\n\t\t\t\t\t<div class=\"e-con-inner\">\n\t\t\t\t<div class=\"elementor-element elementor-element-96eac86 elementor-widget elementor-widget-text-editor\" data-id=\"96eac86\" data-element_type=\"widget\" data-widget_type=\"text-editor.default\">\n\t\t\t\t\t\t\t\t\t<p><b><\/b>Si comparte nuestra visi\u00f3n de hacer que la movilidad urbana sea m\u00e1s eficiente, silenciosa y segura, \u00fanase a nuestra red. P\u00f3ngase en contacto con nosotros en:<\/p>\n<p><b>Gianfranco Pizzuto | <a href=\"mailto:fpizzuto@xyte-mobility.com\"><u>fpizzuto@xyte-mobility.com<\/u><\/a><\/b><br><span style=\"letter-spacing: -0.09px;\">Director comercial<\/span><\/p>\t\t\t\t\t\t\t\t<\/div>\n\t\t\t\t\t<\/div>\n\t\t\t\t<\/div>\n\t\t\t\t<\/div>\n\t\t","protected":false},"excerpt":{"rendered":"<p>Red de colaboradores \u00abLas mejores experiencias con los productos se basan en un servicio excelente.Gracias a nuestra red en expansi\u00f3n por las principales ciudades europeas, nuestros clientes pueden contar con un mantenimiento profesional, asistencia en materia de garant\u00eda y pruebas de conducci\u00f3n cerca de donde viven y conducen\u00bb. Gianfranco PizzutoDirector comercial \u00bfTe interesa convertirte en [&hellip;]<\/p>\n","protected":false},"author":1,"featured_media":0,"parent":0,"menu_order":0,"comment_status":"closed","ping_status":"closed","template":"","meta":{"_acf_changed":false,"content-type":"","inline_featured_image":false,"footnotes":""},"class_list":["post-3503","page","type-page","status-publish","hentry"],"acf":[],"yoast_head":"<!-- This site is optimized with the Yoast SEO plugin v25.7 - https:\/\/yoast.com\/wordpress\/plugins\/seo\/ -->\n<title>Red de colaboradores - XYTE mobility<\/title>\n<meta name=\"robots\" content=\"index, follow, max-snippet:-1, max-image-preview:large, max-video-preview:-1\" \/>\n<link rel=\"canonical\" href=\"https:\/\/xyte-mobility.com\/es\/red-de-colaboradores\/\" \/>\n<meta property=\"og:locale\" content=\"es_ES\" \/>\n<meta property=\"og:type\" content=\"article\" \/>\n<meta property=\"og:title\" content=\"Red de colaboradores - XYTE mobility\" \/>\n<meta property=\"og:description\" content=\"Red de colaboradores \u00abLas mejores experiencias con los productos se basan en un servicio excelente.Gracias a nuestra red en expansi\u00f3n por las principales ciudades europeas, nuestros clientes pueden contar con un mantenimiento profesional, asistencia en materia de garant\u00eda y pruebas de conducci\u00f3n cerca de donde viven y conducen\u00bb. Gianfranco PizzutoDirector comercial \u00bfTe interesa convertirte en [&hellip;]\" \/>\n<meta property=\"og:url\" content=\"https:\/\/xyte-mobility.com\/es\/red-de-colaboradores\/\" \/>\n<meta property=\"og:site_name\" content=\"XYTE mobility\" \/>\n<meta property=\"article:modified_time\" content=\"2026-01-19T13:28:56+00:00\" \/>\n<meta name=\"twitter:card\" content=\"summary_large_image\" \/>\n<meta name=\"twitter:label1\" content=\"Tiempo de lectura\" \/>\n\t<meta name=\"twitter:data1\" content=\"1 minuto\" \/>\n<script type=\"application\/ld+json\" class=\"yoast-schema-graph\">{\"@context\":\"https:\/\/schema.org\",\"@graph\":[{\"@type\":\"WebPage\",\"@id\":\"https:\/\/xyte-mobility.com\/es\/red-de-colaboradores\/\",\"url\":\"https:\/\/xyte-mobility.com\/es\/red-de-colaboradores\/\",\"name\":\"Red de colaboradores - XYTE mobility\",\"isPartOf\":{\"@id\":\"https:\/\/xyte-mobility.com\/es\/#website\"},\"datePublished\":\"2026-01-19T11:17:13+00:00\",\"dateModified\":\"2026-01-19T13:28:56+00:00\",\"breadcrumb\":{\"@id\":\"https:\/\/xyte-mobility.com\/es\/red-de-colaboradores\/#breadcrumb\"},\"inLanguage\":\"es\",\"potentialAction\":[{\"@type\":\"ReadAction\",\"target\":[\"https:\/\/xyte-mobility.com\/es\/red-de-colaboradores\/\"]}]},{\"@type\":\"BreadcrumbList\",\"@id\":\"https:\/\/xyte-mobility.com\/es\/red-de-colaboradores\/#breadcrumb\",\"itemListElement\":[{\"@type\":\"ListItem\",\"position\":1,\"name\":\"Home\",\"item\":\"https:\/\/xyte-mobility.com\/es\/\"},{\"@type\":\"ListItem\",\"position\":2,\"name\":\"Red de colaboradores\"}]},{\"@type\":\"WebSite\",\"@id\":\"https:\/\/xyte-mobility.com\/es\/#website\",\"url\":\"https:\/\/xyte-mobility.com\/es\/\",\"name\":\"XYTE mobility\",\"description\":\"\",\"publisher\":{\"@id\":\"https:\/\/xyte-mobility.com\/es\/#organization\"},\"potentialAction\":[{\"@type\":\"SearchAction\",\"target\":{\"@type\":\"EntryPoint\",\"urlTemplate\":\"https:\/\/xyte-mobility.com\/es\/?s={search_term_string}\"},\"query-input\":{\"@type\":\"PropertyValueSpecification\",\"valueRequired\":true,\"valueName\":\"search_term_string\"}}],\"inLanguage\":\"es\"},{\"@type\":\"Organization\",\"@id\":\"https:\/\/xyte-mobility.com\/es\/#organization\",\"name\":\"XYTE mobility\",\"url\":\"https:\/\/xyte-mobility.com\/es\/\",\"logo\":{\"@type\":\"ImageObject\",\"inLanguage\":\"es\",\"@id\":\"https:\/\/xyte-mobility.com\/es\/#\/schema\/logo\/image\/\",\"url\":\"https:\/\/xyte-mobility.com\/wp-content\/uploads\/2025\/08\/logo.svg\",\"contentUrl\":\"https:\/\/xyte-mobility.com\/wp-content\/uploads\/2025\/08\/logo.svg\",\"width\":142,\"height\":62,\"caption\":\"XYTE mobility\"},\"image\":{\"@id\":\"https:\/\/xyte-mobility.com\/es\/#\/schema\/logo\/image\/\"},\"sameAs\":[\"https:\/\/www.linkedin.com\/company\/xytemobility\"]}]}<\/script>\n<!-- \/ Yoast SEO plugin. -->","yoast_head_json":{"title":"Red de colaboradores - XYTE mobility","robots":{"index":"index","follow":"follow","max-snippet":"max-snippet:-1","max-image-preview":"max-image-preview:large","max-video-preview":"max-video-preview:-1"},"canonical":"https:\/\/xyte-mobility.com\/es\/red-de-colaboradores\/","og_locale":"es_ES","og_type":"article","og_title":"Red de colaboradores - XYTE mobility","og_description":"Red de colaboradores \u00abLas mejores experiencias con los productos se basan en un servicio excelente.Gracias a nuestra red en expansi\u00f3n por las principales ciudades europeas, nuestros clientes pueden contar con un mantenimiento profesional, asistencia en materia de garant\u00eda y pruebas de conducci\u00f3n cerca de donde viven y conducen\u00bb. Gianfranco PizzutoDirector comercial \u00bfTe interesa convertirte en [&hellip;]","og_url":"https:\/\/xyte-mobility.com\/es\/red-de-colaboradores\/","og_site_name":"XYTE mobility","article_modified_time":"2026-01-19T13:28:56+00:00","twitter_card":"summary_large_image","twitter_misc":{"Tiempo de lectura":"1 minuto"},"schema":{"@context":"https:\/\/schema.org","@graph":[{"@type":"WebPage","@id":"https:\/\/xyte-mobility.com\/es\/red-de-colaboradores\/","url":"https:\/\/xyte-mobility.com\/es\/red-de-colaboradores\/","name":"Red de colaboradores - XYTE mobility","isPartOf":{"@id":"https:\/\/xyte-mobility.com\/es\/#website"},"datePublished":"2026-01-19T11:17:13+00:00","dateModified":"2026-01-19T13:28:56+00:00","breadcrumb":{"@id":"https:\/\/xyte-mobility.com\/es\/red-de-colaboradores\/#breadcrumb"},"inLanguage":"es","potentialAction":[{"@type":"ReadAction","target":["https:\/\/xyte-mobility.com\/es\/red-de-colaboradores\/"]}]},{"@type":"BreadcrumbList","@id":"https:\/\/xyte-mobility.com\/es\/red-de-colaboradores\/#breadcrumb","itemListElement":[{"@type":"ListItem","position":1,"name":"Home","item":"https:\/\/xyte-mobility.com\/es\/"},{"@type":"ListItem","position":2,"name":"Red de colaboradores"}]},{"@type":"WebSite","@id":"https:\/\/xyte-mobility.com\/es\/#website","url":"https:\/\/xyte-mobility.com\/es\/","name":"XYTE mobility","description":"","publisher":{"@id":"https:\/\/xyte-mobility.com\/es\/#organization"},"potentialAction":[{"@type":"SearchAction","target":{"@type":"EntryPoint","urlTemplate":"https:\/\/xyte-mobility.com\/es\/?s={search_term_string}"},"query-input":{"@type":"PropertyValueSpecification","valueRequired":true,"valueName":"search_term_string"}}],"inLanguage":"es"},{"@type":"Organization","@id":"https:\/\/xyte-mobility.com\/es\/#organization","name":"XYTE mobility","url":"https:\/\/xyte-mobility.com\/es\/","logo":{"@type":"ImageObject","inLanguage":"es","@id":"https:\/\/xyte-mobility.com\/es\/#\/schema\/logo\/image\/","url":"https:\/\/xyte-mobility.com\/wp-content\/uploads\/2025\/08\/logo.svg","contentUrl":"https:\/\/xyte-mobility.com\/wp-content\/uploads\/2025\/08\/logo.svg","width":142,"height":62,"caption":"XYTE mobility"},"image":{"@id":"https:\/\/xyte-mobility.com\/es\/#\/schema\/logo\/image\/"},"sameAs":["https:\/\/www.linkedin.com\/company\/xytemobility"]}]}},"_links":{"self":[{"href":"https:\/\/xyte-mobility.com\/es\/wp-json\/wp\/v2\/pages\/3503","targetHints":{"allow":["GET"]}}],"collection":[{"href":"https:\/\/xyte-mobility.com\/es\/wp-json\/wp\/v2\/pages"}],"about":[{"href":"https:\/\/xyte-mobility.com\/es\/wp-json\/wp\/v2\/types\/page"}],"author":[{"embeddable":true,"href":"https:\/\/xyte-mobility.com\/es\/wp-json\/wp\/v2\/users\/1"}],"replies":[{"embeddable":true,"href":"https:\/\/xyte-mobility.com\/es\/wp-json\/wp\/v2\/comments?post=3503"}],"version-history":[{"count":3,"href":"https:\/\/xyte-mobility.com\/es\/wp-json\/wp\/v2\/pages\/3503\/revisions"}],"predecessor-version":[{"id":3520,"href":"https:\/\/xyte-mobility.com\/es\/wp-json\/wp\/v2\/pages\/3503\/revisions\/3520"}],"wp:attachment":[{"href":"https:\/\/xyte-mobility.com\/es\/wp-json\/wp\/v2\/media?parent=3503"}],"curies":[{"name":"wp","href":"https:\/\/api.w.org\/{rel}","templated":true}]}}