{"id":2310,"date":"2025-02-28T11:24:55","date_gmt":"2025-02-28T11:24:55","guid":{"rendered":"https:\/\/xyte-mobility.com\/imprint\/"},"modified":"2026-02-13T15:46:33","modified_gmt":"2026-02-13T15:46:33","slug":"imprint","status":"publish","type":"page","link":"https:\/\/xyte-mobility.com\/fr\/imprint\/","title":{"rendered":"Imprint"},"content":{"rendered":"\t\t<div data-elementor-type=\"wp-page\" data-elementor-id=\"2310\" class=\"elementor elementor-2310 elementor-2\" data-elementor-post-type=\"page\">\n\t\t\t\t<div class=\"elementor-element elementor-element-260d7a8e e-con-full e-flex e-con e-parent\" data-id=\"260d7a8e\" data-element_type=\"container\">\n\t\t\t\t<div class=\"elementor-element elementor-element-ee9eedd elementor-widget elementor-widget-heading\" data-id=\"ee9eedd\" data-element_type=\"widget\" data-widget_type=\"heading.default\">\n\t\t\t\t\t<h2 class=\"elementor-heading-title elementor-size-default\">Imprint<\/h2>\t\t\t\t<\/div>\n\t\t\t\t<\/div>\n\t\t<div class=\"elementor-element elementor-element-dd0fb5f e-flex e-con-boxed e-con e-parent\" data-id=\"dd0fb5f\" data-element_type=\"container\">\n\t\t\t\t\t<div class=\"e-con-inner\">\n\t\t\t\t<div class=\"elementor-element elementor-element-145034d elementor-widget elementor-widget-text-editor\" data-id=\"145034d\" data-element_type=\"widget\" data-widget_type=\"text-editor.default\">\n\t\t\t\t\t\t\t\t\t<p class=\"p1\">Informations conform\u00e9ment au \u00a7 5 TMG (Telemediengesetz &#8211; Loi allemande sur les services de t\u00e9l\u00e9communication) :<\/p>\t\t\t\t\t\t\t\t<\/div>\n\t\t\t\t\t<\/div>\n\t\t\t\t<\/div>\n\t\t<div class=\"elementor-element elementor-element-c2fbd2a e-flex e-con-boxed e-con e-parent\" data-id=\"c2fbd2a\" data-element_type=\"container\">\n\t\t\t\t\t<div class=\"e-con-inner\">\n\t\t\t\t<div class=\"elementor-element elementor-element-8dfc513 elementor-widget elementor-widget-text-editor\" data-id=\"8dfc513\" data-element_type=\"widget\" data-widget_type=\"text-editor.default\">\n\t\t\t\t\t\t\t\t\t<p dir=\"ltr\"><span style=\"font-size: 1rem;\">XYTE mobility GmbH<br><\/span><span style=\"font-size: 1rem;\">Ridlerstr. 57<br><\/span><span style=\"font-size: 1rem;\">80339 Munich, Allemagne<\/span><\/p><p dir=\"ltr\">Repr\u00e9sentant l\u00e9gal : Dr. Wolfgang Ziebart<\/p><p>Contact:<br>Telephone: +49 160 8032999<br>E-mail: wziebart@xyte-mobility.com<\/p><p>Tribunal d\u2019enregistrement : Amtsgericht M\u00fcnchen<br>Num\u00e9ro de registre : HRB 298718<\/p><p>Num\u00e9ro de TVA intracommunautaire conform\u00e9ment au \u00a7 27a UStG : DE452256239<br>Responsable du contenu r\u00e9dactionnel conform\u00e9ment au \u00a7 18 al. 2 MStV : Dr. Wolfgang Ziebart <\/p>\t\t\t\t\t\t\t\t<\/div>\n\t\t\t\t\t<\/div>\n\t\t\t\t<\/div>\n\t\t<div class=\"elementor-element elementor-element-68b9181 e-flex e-con-boxed e-con e-parent\" data-id=\"68b9181\" data-element_type=\"container\">\n\t\t\t\t\t<div class=\"e-con-inner\">\n\t\t\t\t<div class=\"elementor-element elementor-element-2c359f1 elementor-widget elementor-widget-heading\" data-id=\"2c359f1\" data-element_type=\"widget\" data-widget_type=\"heading.default\">\n\t\t\t\t\t<h2 class=\"elementor-heading-title elementor-size-default\">Clause de non-responsabilit\u00e9<\/h2>\t\t\t\t<\/div>\n\t\t\t\t\t<\/div>\n\t\t\t\t<\/div>\n\t\t<div class=\"elementor-element elementor-element-378c141 e-flex e-con-boxed e-con e-parent\" data-id=\"378c141\" data-element_type=\"container\">\n\t\t\t\t\t<div class=\"e-con-inner\">\n\t\t\t\t<div class=\"elementor-element elementor-element-51c2d81 elementor-widget elementor-widget-text-editor\" data-id=\"51c2d81\" data-element_type=\"widget\" data-widget_type=\"text-editor.default\">\n\t\t\t\t\t\t\t\t\t<p><strong>Responsabilit\u00e9 pour le contenu<\/strong><\/p><p>Les contenus de ce site ont \u00e9t\u00e9 \u00e9labor\u00e9s avec le plus grand soin. Toutefois, nous ne pouvons garantir l\u2019exactitude, l\u2019exhaustivit\u00e9 et l\u2019actualit\u00e9 des contenus. En tant que prestataires de services, nous sommes responsables de nos propres contenus sur ces pages conform\u00e9ment au \u00a7 7, al. 1 TMG, selon les lois g\u00e9n\u00e9rales. Conform\u00e9ment aux \u00a7\u00a7 8 \u00e0 10 TMG, nous ne sommes pas tenus de surveiller les informations transmises ou stock\u00e9es provenant de tiers, ni de rechercher des circonstances indiquant une activit\u00e9 ill\u00e9gale. Les obligations de suppression ou de blocage de l\u2019utilisation d\u2019informations selon les lois g\u00e9n\u00e9rales restent inchang\u00e9es. Une responsabilit\u00e9 \u00e0 ce sujet n\u2019est possible qu\u2019\u00e0 partir du moment o\u00f9 une violation concr\u00e8te est connue. D\u00e8s que nous aurons connaissance de violations, nous supprimerons imm\u00e9diatement ces contenus.       <\/p><p><strong>Responsabilit\u00e9 pour les liens<\/strong><\/p><p>Notre site contient des liens vers des sites externes de tiers, sur lesquels nous n\u2019avons aucune influence. Par cons\u00e9quent, nous d\u00e9clinons toute responsabilit\u00e9 quant \u00e0 ces contenus externes. Le responsable des contenus des pages li\u00e9es est toujours le fournisseur ou l\u2019exploitant concern\u00e9. Les pages li\u00e9es ont \u00e9t\u00e9 v\u00e9rifi\u00e9es lors de la cr\u00e9ation du lien et aucun contenu ill\u00e9gal n\u2019\u00e9tait d\u00e9celable \u00e0 ce moment. Un contr\u00f4le permanent des pages li\u00e9es n\u2019est toutefois pas raisonnable sans indices concrets d\u2019une violation.     <\/p><p>D\u00e8s que nous aurons connaissance de violations, nous supprimerons imm\u00e9diatement ces liens.<\/p><p><strong>Droit d\u2019auteur<\/strong><\/p><p>Les contenus et \u0153uvres r\u00e9alis\u00e9s par les exploitants de ce site sont soumis au droit d\u2019auteur allemand. La reproduction, le traitement, la distribution et toute forme d\u2019exploitation en dehors des limites du droit d\u2019auteur n\u00e9cessitent l\u2019accord \u00e9crit de l\u2019auteur concern\u00e9. Les t\u00e9l\u00e9chargements et copies de ce site ne sont autoris\u00e9s que pour un usage priv\u00e9 et non commercial. Lorsque les contenus de ce site n\u2019ont pas \u00e9t\u00e9 cr\u00e9\u00e9s par l\u2019exploitant, les droits d\u2019auteur de tiers sont respect\u00e9s. Les contenus de tiers sont signal\u00e9s comme tels. Si vous deviez n\u00e9anmoins constater une violation des droits d\u2019auteur, nous vous prions de nous en informer.     <\/p><p>D\u00e8s la prise de connaissance de violations, nous supprimerons imm\u00e9diatement les contenus concern\u00e9s.<\/p><p><strong>Protection des donn\u00e9es<\/strong><\/p><p>L\u2019utilisation de notre site internet est en principe possible sans fournir de donn\u00e9es personnelles. Dans la mesure o\u00f9 des donn\u00e9es personnelles (par ex. nom, adresse ou e-mail) sont collect\u00e9es, cela se fait toujours sur une base volontaire. Ces donn\u00e9es ne seront pas transmises \u00e0 des tiers sans votre accord expr\u00e8s.  <\/p><p>Nous signalons que la transmission de donn\u00e9es sur internet (par ex. communication par e-mail) peut comporter des failles de s\u00e9curit\u00e9. Une protection compl\u00e8te des donn\u00e9es contre l\u2019acc\u00e8s par des tiers n\u2019est pas possible. Des informations d\u00e9taill\u00e9es sur la protection des donn\u00e9es sur notre site se trouvent <a href=\"https:\/\/xyte-mobility.com\/fr\/privacy-policy\/\" target=\"_blank\" rel=\"noopener\">ici.<\/a>  <\/p><p>L\u2019utilisation par des tiers des donn\u00e9es de contact publi\u00e9es dans le cadre des mentions l\u00e9gales pour l\u2019envoi de publicit\u00e9s ou de documents d\u2019information non sollicit\u00e9s est express\u00e9ment interdite. Les exploitants du site se r\u00e9servent express\u00e9ment le droit d\u2019intenter une action en justice en cas d\u2019envoi non sollicit\u00e9 d\u2019informations publicitaires (spams, etc.). <\/p><p><em>Remarque : cette mention l\u00e9gale est bas\u00e9e sur le g\u00e9n\u00e9rateur de mentions l\u00e9gales du cabinet Kanzlei Hasselbach, Francfort, et sur le mod\u00e8le fourni par jurarat.de. Merci beaucoup ! <\/em><\/p><p>[\u00c0 compter du 01\/2026]<\/p>\t\t\t\t\t\t\t\t<\/div>\n\t\t\t\t\t<\/div>\n\t\t\t\t<\/div>\n\t\t\t\t<\/div>\n\t\t","protected":false},"excerpt":{"rendered":"<p>Imprint Informations conform\u00e9ment au \u00a7 5 TMG (Telemediengesetz &#8211; Loi allemande sur les services de t\u00e9l\u00e9communication) : XYTE mobility GmbHRidlerstr. 5780339 Munich, Allemagne Repr\u00e9sentant l\u00e9gal : Dr. Wolfgang Ziebart Contact:Telephone: +49 160 8032999E-mail: wziebart@xyte-mobility.com Tribunal d\u2019enregistrement : Amtsgericht M\u00fcnchenNum\u00e9ro de registre : HRB 298718 Num\u00e9ro de TVA intracommunautaire conform\u00e9ment au \u00a7 27a UStG : DE452256239Responsable [&hellip;]<\/p>\n","protected":false},"author":1,"featured_media":0,"parent":0,"menu_order":0,"comment_status":"closed","ping_status":"closed","template":"","meta":{"_acf_changed":false,"content-type":"","inline_featured_image":false,"footnotes":""},"class_list":["post-2310","page","type-page","status-publish","hentry"],"acf":[],"yoast_head":"<!-- This site is optimized with the Yoast SEO plugin v25.7 - https:\/\/yoast.com\/wordpress\/plugins\/seo\/ -->\n<title>Imprint - XYTE mobility<\/title>\n<meta name=\"robots\" content=\"index, follow, max-snippet:-1, max-image-preview:large, max-video-preview:-1\" \/>\n<link rel=\"canonical\" href=\"https:\/\/xyte-mobility.com\/fr\/imprint\/\" \/>\n<meta property=\"og:locale\" content=\"fr_FR\" \/>\n<meta property=\"og:type\" content=\"article\" \/>\n<meta property=\"og:title\" content=\"Imprint - XYTE mobility\" \/>\n<meta property=\"og:description\" content=\"Imprint Informations conform\u00e9ment au \u00a7 5 TMG (Telemediengesetz &#8211; Loi allemande sur les services de t\u00e9l\u00e9communication) : XYTE mobility GmbHRidlerstr. 5780339 Munich, Allemagne Repr\u00e9sentant l\u00e9gal : Dr. Wolfgang Ziebart Contact:Telephone: +49 160 8032999E-mail: wziebart@xyte-mobility.com Tribunal d\u2019enregistrement : Amtsgericht M\u00fcnchenNum\u00e9ro de registre : HRB 298718 Num\u00e9ro de TVA intracommunautaire conform\u00e9ment au \u00a7 27a UStG : DE452256239Responsable [&hellip;]\" \/>\n<meta property=\"og:url\" content=\"https:\/\/xyte-mobility.com\/fr\/imprint\/\" \/>\n<meta property=\"og:site_name\" content=\"XYTE mobility\" \/>\n<meta property=\"article:modified_time\" content=\"2026-02-13T15:46:33+00:00\" \/>\n<meta name=\"twitter:card\" content=\"summary_large_image\" \/>\n<meta name=\"twitter:label1\" content=\"Dur\u00e9e de lecture estim\u00e9e\" \/>\n\t<meta name=\"twitter:data1\" content=\"3 minutes\" \/>\n<script type=\"application\/ld+json\" class=\"yoast-schema-graph\">{\"@context\":\"https:\/\/schema.org\",\"@graph\":[{\"@type\":\"WebPage\",\"@id\":\"https:\/\/xyte-mobility.com\/fr\/imprint\/\",\"url\":\"https:\/\/xyte-mobility.com\/fr\/imprint\/\",\"name\":\"Imprint - XYTE mobility\",\"isPartOf\":{\"@id\":\"https:\/\/xyte-mobility.com\/fr\/#website\"},\"datePublished\":\"2025-02-28T11:24:55+00:00\",\"dateModified\":\"2026-02-13T15:46:33+00:00\",\"breadcrumb\":{\"@id\":\"https:\/\/xyte-mobility.com\/fr\/imprint\/#breadcrumb\"},\"inLanguage\":\"fr-FR\",\"potentialAction\":[{\"@type\":\"ReadAction\",\"target\":[\"https:\/\/xyte-mobility.com\/fr\/imprint\/\"]}]},{\"@type\":\"BreadcrumbList\",\"@id\":\"https:\/\/xyte-mobility.com\/fr\/imprint\/#breadcrumb\",\"itemListElement\":[{\"@type\":\"ListItem\",\"position\":1,\"name\":\"Home\",\"item\":\"https:\/\/xyte-mobility.com\/fr\/accueil\/\"},{\"@type\":\"ListItem\",\"position\":2,\"name\":\"Imprint\"}]},{\"@type\":\"WebSite\",\"@id\":\"https:\/\/xyte-mobility.com\/fr\/#website\",\"url\":\"https:\/\/xyte-mobility.com\/fr\/\",\"name\":\"XYTE mobility\",\"description\":\"\",\"publisher\":{\"@id\":\"https:\/\/xyte-mobility.com\/fr\/#organization\"},\"potentialAction\":[{\"@type\":\"SearchAction\",\"target\":{\"@type\":\"EntryPoint\",\"urlTemplate\":\"https:\/\/xyte-mobility.com\/fr\/?s={search_term_string}\"},\"query-input\":{\"@type\":\"PropertyValueSpecification\",\"valueRequired\":true,\"valueName\":\"search_term_string\"}}],\"inLanguage\":\"fr-FR\"},{\"@type\":\"Organization\",\"@id\":\"https:\/\/xyte-mobility.com\/fr\/#organization\",\"name\":\"XYTE mobility\",\"url\":\"https:\/\/xyte-mobility.com\/fr\/\",\"logo\":{\"@type\":\"ImageObject\",\"inLanguage\":\"fr-FR\",\"@id\":\"https:\/\/xyte-mobility.com\/fr\/#\/schema\/logo\/image\/\",\"url\":\"https:\/\/xyte-mobility.com\/wp-content\/uploads\/2025\/08\/logo.svg\",\"contentUrl\":\"https:\/\/xyte-mobility.com\/wp-content\/uploads\/2025\/08\/logo.svg\",\"width\":142,\"height\":62,\"caption\":\"XYTE mobility\"},\"image\":{\"@id\":\"https:\/\/xyte-mobility.com\/fr\/#\/schema\/logo\/image\/\"},\"sameAs\":[\"https:\/\/www.linkedin.com\/company\/xytemobility\"]}]}<\/script>\n<!-- \/ Yoast SEO plugin. -->","yoast_head_json":{"title":"Imprint - XYTE mobility","robots":{"index":"index","follow":"follow","max-snippet":"max-snippet:-1","max-image-preview":"max-image-preview:large","max-video-preview":"max-video-preview:-1"},"canonical":"https:\/\/xyte-mobility.com\/fr\/imprint\/","og_locale":"fr_FR","og_type":"article","og_title":"Imprint - XYTE mobility","og_description":"Imprint Informations conform\u00e9ment au \u00a7 5 TMG (Telemediengesetz &#8211; Loi allemande sur les services de t\u00e9l\u00e9communication) : XYTE mobility GmbHRidlerstr. 5780339 Munich, Allemagne Repr\u00e9sentant l\u00e9gal : Dr. Wolfgang Ziebart Contact:Telephone: +49 160 8032999E-mail: wziebart@xyte-mobility.com Tribunal d\u2019enregistrement : Amtsgericht M\u00fcnchenNum\u00e9ro de registre : HRB 298718 Num\u00e9ro de TVA intracommunautaire conform\u00e9ment au \u00a7 27a UStG : DE452256239Responsable [&hellip;]","og_url":"https:\/\/xyte-mobility.com\/fr\/imprint\/","og_site_name":"XYTE mobility","article_modified_time":"2026-02-13T15:46:33+00:00","twitter_card":"summary_large_image","twitter_misc":{"Dur\u00e9e de lecture estim\u00e9e":"3 minutes"},"schema":{"@context":"https:\/\/schema.org","@graph":[{"@type":"WebPage","@id":"https:\/\/xyte-mobility.com\/fr\/imprint\/","url":"https:\/\/xyte-mobility.com\/fr\/imprint\/","name":"Imprint - XYTE mobility","isPartOf":{"@id":"https:\/\/xyte-mobility.com\/fr\/#website"},"datePublished":"2025-02-28T11:24:55+00:00","dateModified":"2026-02-13T15:46:33+00:00","breadcrumb":{"@id":"https:\/\/xyte-mobility.com\/fr\/imprint\/#breadcrumb"},"inLanguage":"fr-FR","potentialAction":[{"@type":"ReadAction","target":["https:\/\/xyte-mobility.com\/fr\/imprint\/"]}]},{"@type":"BreadcrumbList","@id":"https:\/\/xyte-mobility.com\/fr\/imprint\/#breadcrumb","itemListElement":[{"@type":"ListItem","position":1,"name":"Home","item":"https:\/\/xyte-mobility.com\/fr\/accueil\/"},{"@type":"ListItem","position":2,"name":"Imprint"}]},{"@type":"WebSite","@id":"https:\/\/xyte-mobility.com\/fr\/#website","url":"https:\/\/xyte-mobility.com\/fr\/","name":"XYTE mobility","description":"","publisher":{"@id":"https:\/\/xyte-mobility.com\/fr\/#organization"},"potentialAction":[{"@type":"SearchAction","target":{"@type":"EntryPoint","urlTemplate":"https:\/\/xyte-mobility.com\/fr\/?s={search_term_string}"},"query-input":{"@type":"PropertyValueSpecification","valueRequired":true,"valueName":"search_term_string"}}],"inLanguage":"fr-FR"},{"@type":"Organization","@id":"https:\/\/xyte-mobility.com\/fr\/#organization","name":"XYTE mobility","url":"https:\/\/xyte-mobility.com\/fr\/","logo":{"@type":"ImageObject","inLanguage":"fr-FR","@id":"https:\/\/xyte-mobility.com\/fr\/#\/schema\/logo\/image\/","url":"https:\/\/xyte-mobility.com\/wp-content\/uploads\/2025\/08\/logo.svg","contentUrl":"https:\/\/xyte-mobility.com\/wp-content\/uploads\/2025\/08\/logo.svg","width":142,"height":62,"caption":"XYTE mobility"},"image":{"@id":"https:\/\/xyte-mobility.com\/fr\/#\/schema\/logo\/image\/"},"sameAs":["https:\/\/www.linkedin.com\/company\/xytemobility"]}]}},"_links":{"self":[{"href":"https:\/\/xyte-mobility.com\/fr\/wp-json\/wp\/v2\/pages\/2310","targetHints":{"allow":["GET"]}}],"collection":[{"href":"https:\/\/xyte-mobility.com\/fr\/wp-json\/wp\/v2\/pages"}],"about":[{"href":"https:\/\/xyte-mobility.com\/fr\/wp-json\/wp\/v2\/types\/page"}],"author":[{"embeddable":true,"href":"https:\/\/xyte-mobility.com\/fr\/wp-json\/wp\/v2\/users\/1"}],"replies":[{"embeddable":true,"href":"https:\/\/xyte-mobility.com\/fr\/wp-json\/wp\/v2\/comments?post=2310"}],"version-history":[{"count":7,"href":"https:\/\/xyte-mobility.com\/fr\/wp-json\/wp\/v2\/pages\/2310\/revisions"}],"predecessor-version":[{"id":3607,"href":"https:\/\/xyte-mobility.com\/fr\/wp-json\/wp\/v2\/pages\/2310\/revisions\/3607"}],"wp:attachment":[{"href":"https:\/\/xyte-mobility.com\/fr\/wp-json\/wp\/v2\/media?parent=2310"}],"curies":[{"name":"wp","href":"https:\/\/api.w.org\/{rel}","templated":true}]}}