{"id":2314,"date":"2025-08-13T16:00:58","date_gmt":"2025-08-13T16:00:58","guid":{"rendered":"https:\/\/xyte-mobility.com\/paiement-annule\/"},"modified":"2025-08-30T12:38:36","modified_gmt":"2025-08-30T12:38:36","slug":"paiement-annule","status":"publish","type":"page","link":"https:\/\/xyte-mobility.com\/fr\/paiement-annule\/","title":{"rendered":"Paiement annul\u00e9"},"content":{"rendered":"\t\t<div data-elementor-type=\"wp-page\" data-elementor-id=\"2314\" class=\"elementor elementor-2314 elementor-1909\" data-elementor-post-type=\"page\">\n\t\t\t\t<div class=\"elementor-element elementor-element-ebe4416 e-flex e-con-boxed e-con e-child\" data-id=\"ebe4416\" data-element_type=\"container\">\n\t\t\t\t\t<div class=\"e-con-inner\">\n\t\t\t\t<div class=\"elementor-element elementor-element-33dc603 elementor-widget elementor-widget-heading\" data-id=\"33dc603\" data-element_type=\"widget\" data-widget_type=\"heading.default\">\n\t\t\t\t\t<h2 class=\"elementor-heading-title elementor-size-default\">Oups \u2014 un probl\u00e8me est survenu avec votre paiement.\n\n<\/h2>\t\t\t\t<\/div>\n\t\t\t\t\t<\/div>\n\t\t\t\t<\/div>\n\t\t<div class=\"elementor-element elementor-element-e01f658 e-flex e-con-boxed e-con e-child\" data-id=\"e01f658\" data-element_type=\"container\">\n\t\t\t\t\t<div class=\"e-con-inner\">\n\t\t\t\t<div class=\"elementor-element elementor-element-0837b44 elementor-widget elementor-widget-text-editor\" data-id=\"0837b44\" data-element_type=\"widget\" data-widget_type=\"text-editor.default\">\n\t\t\t\t\t\t\t\t\t<p dir=\"auto\">Il semble que la transaction n\u2019ait pas abouti. Cela peut arriver pour plusieurs raisons \u2014 carte expir\u00e9e, fonds insuffisants ou souci avec votre banque. <\/p><p dir=\"auto\">Que faire :<\/p><ul dir=\"auto\"><li>V\u00e9rifiez vos informations de carte<\/li><li>Contactez votre banque pour valider le paiement<\/li><\/ul><p dir=\"auto\">Toujours bloqu\u00e9 ? <a href=\"https:\/\/xyte-mobility.com\/contact\/\">\u00c9crivez-nous<\/a> et nous trouverons la solution ensemble.<\/p>\t\t\t\t\t\t\t\t<\/div>\n\t\t\t\t<div class=\"elementor-element elementor-element-c241541 elementor-align-center elementor-widget elementor-widget-button\" data-id=\"c241541\" data-element_type=\"widget\" data-widget_type=\"button.default\">\n\t\t\t\t\t\t\t\t\t\t<a class=\"elementor-button elementor-button-link elementor-size-sm\" href=\"https:\/\/xyte-mobility.com\/fr\/precommande\/\">\n\t\t\t\t\t\t<span class=\"elementor-button-content-wrapper\">\n\t\t\t\t\t\t<span class=\"elementor-button-icon\">\n\t\t\t\t<svg xmlns=\"http:\/\/www.w3.org\/2000\/svg\" width=\"13\" height=\"12\" viewBox=\"0 0 13 12\" fill=\"none\"><path d=\"M6.18374 11.2125L10.6763 6.92418L11.579 6.0625L10.331 6.0625L0.498884 6.0625L0.498884 5.9375L10.331 5.9375L11.579 5.9375L10.6763 5.07582L6.18374 0.7875L6.2846 0.691224L11.8462 6L6.2846 11.3088L6.18374 11.2125Z\" fill=\"#1A1A1A\" stroke=\"#1A1A1A\"><\/path><\/svg>\t\t\t<\/span>\n\t\t\t\t\t\t\t\t\t<span class=\"elementor-button-text\">R\u00e9essayer<\/span>\n\t\t\t\t\t<\/span>\n\t\t\t\t\t<\/a>\n\t\t\t\t\t\t\t\t<\/div>\n\t\t\t\t\t<\/div>\n\t\t\t\t<\/div>\n\t\t\t\t<\/div>\n\t\t","protected":false},"excerpt":{"rendered":"<p>Oups \u2014 un probl\u00e8me est survenu avec votre paiement. Il semble que la transaction n\u2019ait pas abouti. Cela peut arriver pour plusieurs raisons \u2014 carte expir\u00e9e, fonds insuffisants ou souci avec votre banque. Que faire : V\u00e9rifiez vos informations de carte Contactez votre banque pour valider le paiement Toujours bloqu\u00e9 ? \u00c9crivez-nous et nous trouverons [&hellip;]<\/p>\n","protected":false},"author":1,"featured_media":0,"parent":0,"menu_order":0,"comment_status":"closed","ping_status":"closed","template":"","meta":{"_acf_changed":false,"content-type":"","inline_featured_image":false,"footnotes":""},"class_list":["post-2314","page","type-page","status-publish","hentry"],"acf":[],"yoast_head":"<!-- This site is optimized with the Yoast SEO plugin v25.7 - https:\/\/yoast.com\/wordpress\/plugins\/seo\/ -->\n<title>Paiement annul\u00e9 - XYTE mobility<\/title>\n<meta name=\"robots\" content=\"index, follow, max-snippet:-1, max-image-preview:large, max-video-preview:-1\" \/>\n<link rel=\"canonical\" href=\"https:\/\/xyte-mobility.com\/fr\/paiement-annule\/\" \/>\n<meta property=\"og:locale\" content=\"fr_FR\" \/>\n<meta property=\"og:type\" content=\"article\" \/>\n<meta property=\"og:title\" content=\"Paiement annul\u00e9 - XYTE mobility\" \/>\n<meta property=\"og:description\" content=\"Oups \u2014 un probl\u00e8me est survenu avec votre paiement. Il semble que la transaction n\u2019ait pas abouti. Cela peut arriver pour plusieurs raisons \u2014 carte expir\u00e9e, fonds insuffisants ou souci avec votre banque. Que faire : V\u00e9rifiez vos informations de carte Contactez votre banque pour valider le paiement Toujours bloqu\u00e9 ? \u00c9crivez-nous et nous trouverons [&hellip;]\" \/>\n<meta property=\"og:url\" content=\"https:\/\/xyte-mobility.com\/fr\/paiement-annule\/\" \/>\n<meta property=\"og:site_name\" content=\"XYTE mobility\" \/>\n<meta property=\"article:modified_time\" content=\"2025-08-30T12:38:36+00:00\" \/>\n<meta name=\"twitter:card\" content=\"summary_large_image\" \/>\n<meta name=\"twitter:label1\" content=\"Dur\u00e9e de lecture estim\u00e9e\" \/>\n\t<meta name=\"twitter:data1\" content=\"1 minute\" \/>\n<script type=\"application\/ld+json\" class=\"yoast-schema-graph\">{\"@context\":\"https:\/\/schema.org\",\"@graph\":[{\"@type\":\"WebPage\",\"@id\":\"https:\/\/xyte-mobility.com\/fr\/paiement-annule\/\",\"url\":\"https:\/\/xyte-mobility.com\/fr\/paiement-annule\/\",\"name\":\"Paiement annul\u00e9 - XYTE mobility\",\"isPartOf\":{\"@id\":\"https:\/\/xyte-mobility.com\/fr\/#website\"},\"datePublished\":\"2025-08-13T16:00:58+00:00\",\"dateModified\":\"2025-08-30T12:38:36+00:00\",\"breadcrumb\":{\"@id\":\"https:\/\/xyte-mobility.com\/fr\/paiement-annule\/#breadcrumb\"},\"inLanguage\":\"fr-FR\",\"potentialAction\":[{\"@type\":\"ReadAction\",\"target\":[\"https:\/\/xyte-mobility.com\/fr\/paiement-annule\/\"]}]},{\"@type\":\"BreadcrumbList\",\"@id\":\"https:\/\/xyte-mobility.com\/fr\/paiement-annule\/#breadcrumb\",\"itemListElement\":[{\"@type\":\"ListItem\",\"position\":1,\"name\":\"Home\",\"item\":\"https:\/\/xyte-mobility.com\/fr\/accueil\/\"},{\"@type\":\"ListItem\",\"position\":2,\"name\":\"Paiement annul\u00e9\"}]},{\"@type\":\"WebSite\",\"@id\":\"https:\/\/xyte-mobility.com\/fr\/#website\",\"url\":\"https:\/\/xyte-mobility.com\/fr\/\",\"name\":\"XYTE mobility\",\"description\":\"\",\"publisher\":{\"@id\":\"https:\/\/xyte-mobility.com\/fr\/#organization\"},\"potentialAction\":[{\"@type\":\"SearchAction\",\"target\":{\"@type\":\"EntryPoint\",\"urlTemplate\":\"https:\/\/xyte-mobility.com\/fr\/?s={search_term_string}\"},\"query-input\":{\"@type\":\"PropertyValueSpecification\",\"valueRequired\":true,\"valueName\":\"search_term_string\"}}],\"inLanguage\":\"fr-FR\"},{\"@type\":\"Organization\",\"@id\":\"https:\/\/xyte-mobility.com\/fr\/#organization\",\"name\":\"XYTE mobility\",\"url\":\"https:\/\/xyte-mobility.com\/fr\/\",\"logo\":{\"@type\":\"ImageObject\",\"inLanguage\":\"fr-FR\",\"@id\":\"https:\/\/xyte-mobility.com\/fr\/#\/schema\/logo\/image\/\",\"url\":\"https:\/\/xyte-mobility.com\/wp-content\/uploads\/2025\/08\/logo.svg\",\"contentUrl\":\"https:\/\/xyte-mobility.com\/wp-content\/uploads\/2025\/08\/logo.svg\",\"width\":142,\"height\":62,\"caption\":\"XYTE mobility\"},\"image\":{\"@id\":\"https:\/\/xyte-mobility.com\/fr\/#\/schema\/logo\/image\/\"},\"sameAs\":[\"https:\/\/www.linkedin.com\/company\/xytemobility\"]}]}<\/script>\n<!-- \/ Yoast SEO plugin. -->","yoast_head_json":{"title":"Paiement annul\u00e9 - XYTE mobility","robots":{"index":"index","follow":"follow","max-snippet":"max-snippet:-1","max-image-preview":"max-image-preview:large","max-video-preview":"max-video-preview:-1"},"canonical":"https:\/\/xyte-mobility.com\/fr\/paiement-annule\/","og_locale":"fr_FR","og_type":"article","og_title":"Paiement annul\u00e9 - XYTE mobility","og_description":"Oups \u2014 un probl\u00e8me est survenu avec votre paiement. Il semble que la transaction n\u2019ait pas abouti. Cela peut arriver pour plusieurs raisons \u2014 carte expir\u00e9e, fonds insuffisants ou souci avec votre banque. Que faire : V\u00e9rifiez vos informations de carte Contactez votre banque pour valider le paiement Toujours bloqu\u00e9 ? \u00c9crivez-nous et nous trouverons [&hellip;]","og_url":"https:\/\/xyte-mobility.com\/fr\/paiement-annule\/","og_site_name":"XYTE mobility","article_modified_time":"2025-08-30T12:38:36+00:00","twitter_card":"summary_large_image","twitter_misc":{"Dur\u00e9e de lecture estim\u00e9e":"1 minute"},"schema":{"@context":"https:\/\/schema.org","@graph":[{"@type":"WebPage","@id":"https:\/\/xyte-mobility.com\/fr\/paiement-annule\/","url":"https:\/\/xyte-mobility.com\/fr\/paiement-annule\/","name":"Paiement annul\u00e9 - XYTE mobility","isPartOf":{"@id":"https:\/\/xyte-mobility.com\/fr\/#website"},"datePublished":"2025-08-13T16:00:58+00:00","dateModified":"2025-08-30T12:38:36+00:00","breadcrumb":{"@id":"https:\/\/xyte-mobility.com\/fr\/paiement-annule\/#breadcrumb"},"inLanguage":"fr-FR","potentialAction":[{"@type":"ReadAction","target":["https:\/\/xyte-mobility.com\/fr\/paiement-annule\/"]}]},{"@type":"BreadcrumbList","@id":"https:\/\/xyte-mobility.com\/fr\/paiement-annule\/#breadcrumb","itemListElement":[{"@type":"ListItem","position":1,"name":"Home","item":"https:\/\/xyte-mobility.com\/fr\/accueil\/"},{"@type":"ListItem","position":2,"name":"Paiement annul\u00e9"}]},{"@type":"WebSite","@id":"https:\/\/xyte-mobility.com\/fr\/#website","url":"https:\/\/xyte-mobility.com\/fr\/","name":"XYTE mobility","description":"","publisher":{"@id":"https:\/\/xyte-mobility.com\/fr\/#organization"},"potentialAction":[{"@type":"SearchAction","target":{"@type":"EntryPoint","urlTemplate":"https:\/\/xyte-mobility.com\/fr\/?s={search_term_string}"},"query-input":{"@type":"PropertyValueSpecification","valueRequired":true,"valueName":"search_term_string"}}],"inLanguage":"fr-FR"},{"@type":"Organization","@id":"https:\/\/xyte-mobility.com\/fr\/#organization","name":"XYTE mobility","url":"https:\/\/xyte-mobility.com\/fr\/","logo":{"@type":"ImageObject","inLanguage":"fr-FR","@id":"https:\/\/xyte-mobility.com\/fr\/#\/schema\/logo\/image\/","url":"https:\/\/xyte-mobility.com\/wp-content\/uploads\/2025\/08\/logo.svg","contentUrl":"https:\/\/xyte-mobility.com\/wp-content\/uploads\/2025\/08\/logo.svg","width":142,"height":62,"caption":"XYTE mobility"},"image":{"@id":"https:\/\/xyte-mobility.com\/fr\/#\/schema\/logo\/image\/"},"sameAs":["https:\/\/www.linkedin.com\/company\/xytemobility"]}]}},"_links":{"self":[{"href":"https:\/\/xyte-mobility.com\/fr\/wp-json\/wp\/v2\/pages\/2314","targetHints":{"allow":["GET"]}}],"collection":[{"href":"https:\/\/xyte-mobility.com\/fr\/wp-json\/wp\/v2\/pages"}],"about":[{"href":"https:\/\/xyte-mobility.com\/fr\/wp-json\/wp\/v2\/types\/page"}],"author":[{"embeddable":true,"href":"https:\/\/xyte-mobility.com\/fr\/wp-json\/wp\/v2\/users\/1"}],"replies":[{"embeddable":true,"href":"https:\/\/xyte-mobility.com\/fr\/wp-json\/wp\/v2\/comments?post=2314"}],"version-history":[{"count":4,"href":"https:\/\/xyte-mobility.com\/fr\/wp-json\/wp\/v2\/pages\/2314\/revisions"}],"predecessor-version":[{"id":2338,"href":"https:\/\/xyte-mobility.com\/fr\/wp-json\/wp\/v2\/pages\/2314\/revisions\/2338"}],"wp:attachment":[{"href":"https:\/\/xyte-mobility.com\/fr\/wp-json\/wp\/v2\/media?parent=2314"}],"curies":[{"name":"wp","href":"https:\/\/api.w.org\/{rel}","templated":true}]}}