{"id":3490,"date":"2026-01-19T11:17:13","date_gmt":"2026-01-19T11:17:13","guid":{"rendered":"https:\/\/xyte-mobility.com\/?page_id=3490"},"modified":"2026-01-19T13:27:31","modified_gmt":"2026-01-19T13:27:31","slug":"nos-partenaires","status":"publish","type":"page","link":"https:\/\/xyte-mobility.com\/fr\/nos-partenaires\/","title":{"rendered":"Nos partenaires"},"content":{"rendered":"\t\t<div data-elementor-type=\"wp-page\" data-elementor-id=\"3490\" class=\"elementor elementor-3490 elementor-3374\" data-elementor-post-type=\"page\">\n\t\t\t\t<div class=\"elementor-element elementor-element-ae71032 e-con-full e-flex e-con e-child\" data-id=\"ae71032\" data-element_type=\"container\">\n\t\t\t\t<div class=\"elementor-element elementor-element-3fa93f0 elementor-widget elementor-widget-heading\" data-id=\"3fa93f0\" data-element_type=\"widget\" data-widget_type=\"heading.default\">\n\t\t\t\t\t<h2 class=\"elementor-heading-title elementor-size-default\">Nos partenaires<\/h2>\t\t\t\t<\/div>\n\t\t\t\t<\/div>\n\t\t<div class=\"elementor-element elementor-element-f89d4b7 e-flex e-con-boxed e-con e-child\" data-id=\"f89d4b7\" data-element_type=\"container\">\n\t\t\t\t\t<div class=\"e-con-inner\">\n\t\t\t\t<div class=\"elementor-element elementor-element-ef10070 elementor-widget elementor-widget-text-editor\" data-id=\"ef10070\" data-element_type=\"widget\" data-widget_type=\"text-editor.default\">\n\t\t\t\t\t\t\t\t\t<p>\u00ab Une exp\u00e9rience produit exceptionnelle repose sur un service exceptionnel. Gr\u00e2ce \u00e0 notre r\u00e9seau en pleine expansion dans les grandes villes europ\u00e9ennes, nos clients peuvent b\u00e9n\u00e9ficier d&rsquo;un entretien professionnel, d&rsquo;une assistance garantie et d&rsquo;essais routiers \u00e0 proximit\u00e9 de leur domicile et de leurs trajets quotidiens. \u00bb<\/p><p><b>Gianfranco Pizzuto<\/b><br>Directeur commercial<\/p>\t\t\t\t\t\t\t\t<\/div>\n\t\t\t\t\t<\/div>\n\t\t\t\t<\/div>\n\t\t<div class=\"elementor-element elementor-element-8dbb739 e-flex e-con-boxed e-con e-parent\" data-id=\"8dbb739\" data-element_type=\"container\">\n\t\t\t\t\t<div class=\"e-con-inner\">\n\t\t<div class=\"elementor-element elementor-element-8e04f69 e-con-full e-flex e-con e-child\" data-id=\"8e04f69\" data-element_type=\"container\">\n\t\t\t\t<div class=\"elementor-element elementor-element-43385e8 elementor-widget elementor-widget-shortcode\" data-id=\"43385e8\" data-element_type=\"widget\" data-widget_type=\"shortcode.default\">\n\t\t\t\t\t\t\t<div class=\"elementor-shortcode\"><div id=\"partners-filters-container\"><\/div><div id=\"partners-list-container\" class=\"flex flex-col\"><\/div><div id=\"partners-loading\" class=\"text-center py-8\">Loading partners...<\/div><div id=\"partners-error\" class=\"hidden text-center py-8 text-red-600\"><\/div><\/div>\n\t\t\t\t\t\t<\/div>\n\t\t\t\t<\/div>\n\t\t\t\t\t<\/div>\n\t\t\t\t<\/div>\n\t\t<div class=\"elementor-element elementor-element-8a0862a e-con-full e-flex e-con e-child\" data-id=\"8a0862a\" data-element_type=\"container\">\n\t\t\t\t<div class=\"elementor-element elementor-element-893fd8f elementor-widget elementor-widget-heading\" data-id=\"893fd8f\" data-element_type=\"widget\" data-widget_type=\"heading.default\">\n\t\t\t\t\t<h3 class=\"elementor-heading-title elementor-size-default\"><b>Vous souhaitez devenir partenaire ?<\/b><\/h3>\t\t\t\t<\/div>\n\t\t\t\t<\/div>\n\t\t<div class=\"elementor-element elementor-element-bb9e1c0 e-flex e-con-boxed e-con e-child\" data-id=\"bb9e1c0\" data-element_type=\"container\">\n\t\t\t\t\t<div class=\"e-con-inner\">\n\t\t\t\t<div class=\"elementor-element elementor-element-96eac86 elementor-widget elementor-widget-text-editor\" data-id=\"96eac86\" data-element_type=\"widget\" data-widget_type=\"text-editor.default\">\n\t\t\t\t\t\t\t\t\t<p><b><\/b>Si vous partagez notre vision d&rsquo;une mobilit\u00e9 urbaine plus efficace, plus silencieuse et plus s\u00fbre, rejoignez notre r\u00e9seau et contactez-nous \u00e0 l&rsquo;adresse suivante :<\/p>\n<p><b>Gianfranco Pizzuto | <a href=\"mailto:fpizzuto@xyte-mobility.com\"><u><span style=\"letter-spacing: -0.09px;\">fpizzuto@xyte-mobility.com<\/span><\/u><\/a><\/b><br>Directeur commercial<\/p>\t\t\t\t\t\t\t\t<\/div>\n\t\t\t\t\t<\/div>\n\t\t\t\t<\/div>\n\t\t\t\t<\/div>\n\t\t","protected":false},"excerpt":{"rendered":"<p>Nos partenaires \u00ab Une exp\u00e9rience produit exceptionnelle repose sur un service exceptionnel. Gr\u00e2ce \u00e0 notre r\u00e9seau en pleine expansion dans les grandes villes europ\u00e9ennes, nos clients peuvent b\u00e9n\u00e9ficier d&rsquo;un entretien professionnel, d&rsquo;une assistance garantie et d&rsquo;essais routiers \u00e0 proximit\u00e9 de leur domicile et de leurs trajets quotidiens. \u00bb Gianfranco PizzutoDirecteur commercial Vous souhaitez devenir partenaire [&hellip;]<\/p>\n","protected":false},"author":1,"featured_media":0,"parent":0,"menu_order":0,"comment_status":"closed","ping_status":"closed","template":"","meta":{"_acf_changed":false,"content-type":"","inline_featured_image":false,"footnotes":""},"class_list":["post-3490","page","type-page","status-publish","hentry"],"acf":[],"yoast_head":"<!-- This site is optimized with the Yoast SEO plugin v25.7 - https:\/\/yoast.com\/wordpress\/plugins\/seo\/ -->\n<title>Nos partenaires - XYTE mobility<\/title>\n<meta name=\"robots\" content=\"index, follow, max-snippet:-1, max-image-preview:large, max-video-preview:-1\" \/>\n<link rel=\"canonical\" href=\"https:\/\/xyte-mobility.com\/fr\/nos-partenaires\/\" \/>\n<meta property=\"og:locale\" content=\"fr_FR\" \/>\n<meta property=\"og:type\" content=\"article\" \/>\n<meta property=\"og:title\" content=\"Nos partenaires - XYTE mobility\" \/>\n<meta property=\"og:description\" content=\"Nos partenaires \u00ab Une exp\u00e9rience produit exceptionnelle repose sur un service exceptionnel. Gr\u00e2ce \u00e0 notre r\u00e9seau en pleine expansion dans les grandes villes europ\u00e9ennes, nos clients peuvent b\u00e9n\u00e9ficier d&rsquo;un entretien professionnel, d&rsquo;une assistance garantie et d&rsquo;essais routiers \u00e0 proximit\u00e9 de leur domicile et de leurs trajets quotidiens. \u00bb Gianfranco PizzutoDirecteur commercial Vous souhaitez devenir partenaire [&hellip;]\" \/>\n<meta property=\"og:url\" content=\"https:\/\/xyte-mobility.com\/fr\/nos-partenaires\/\" \/>\n<meta property=\"og:site_name\" content=\"XYTE mobility\" \/>\n<meta property=\"article:modified_time\" content=\"2026-01-19T13:27:31+00:00\" \/>\n<meta name=\"twitter:card\" content=\"summary_large_image\" \/>\n<meta name=\"twitter:label1\" content=\"Dur\u00e9e de lecture estim\u00e9e\" \/>\n\t<meta name=\"twitter:data1\" content=\"1 minute\" \/>\n<script type=\"application\/ld+json\" class=\"yoast-schema-graph\">{\"@context\":\"https:\/\/schema.org\",\"@graph\":[{\"@type\":\"WebPage\",\"@id\":\"https:\/\/xyte-mobility.com\/fr\/nos-partenaires\/\",\"url\":\"https:\/\/xyte-mobility.com\/fr\/nos-partenaires\/\",\"name\":\"Nos partenaires - XYTE mobility\",\"isPartOf\":{\"@id\":\"https:\/\/xyte-mobility.com\/fr\/#website\"},\"datePublished\":\"2026-01-19T11:17:13+00:00\",\"dateModified\":\"2026-01-19T13:27:31+00:00\",\"breadcrumb\":{\"@id\":\"https:\/\/xyte-mobility.com\/fr\/nos-partenaires\/#breadcrumb\"},\"inLanguage\":\"fr-FR\",\"potentialAction\":[{\"@type\":\"ReadAction\",\"target\":[\"https:\/\/xyte-mobility.com\/fr\/nos-partenaires\/\"]}]},{\"@type\":\"BreadcrumbList\",\"@id\":\"https:\/\/xyte-mobility.com\/fr\/nos-partenaires\/#breadcrumb\",\"itemListElement\":[{\"@type\":\"ListItem\",\"position\":1,\"name\":\"Home\",\"item\":\"https:\/\/xyte-mobility.com\/fr\/accueil\/\"},{\"@type\":\"ListItem\",\"position\":2,\"name\":\"Nos partenaires\"}]},{\"@type\":\"WebSite\",\"@id\":\"https:\/\/xyte-mobility.com\/fr\/#website\",\"url\":\"https:\/\/xyte-mobility.com\/fr\/\",\"name\":\"XYTE mobility\",\"description\":\"\",\"publisher\":{\"@id\":\"https:\/\/xyte-mobility.com\/fr\/#organization\"},\"potentialAction\":[{\"@type\":\"SearchAction\",\"target\":{\"@type\":\"EntryPoint\",\"urlTemplate\":\"https:\/\/xyte-mobility.com\/fr\/?s={search_term_string}\"},\"query-input\":{\"@type\":\"PropertyValueSpecification\",\"valueRequired\":true,\"valueName\":\"search_term_string\"}}],\"inLanguage\":\"fr-FR\"},{\"@type\":\"Organization\",\"@id\":\"https:\/\/xyte-mobility.com\/fr\/#organization\",\"name\":\"XYTE mobility\",\"url\":\"https:\/\/xyte-mobility.com\/fr\/\",\"logo\":{\"@type\":\"ImageObject\",\"inLanguage\":\"fr-FR\",\"@id\":\"https:\/\/xyte-mobility.com\/fr\/#\/schema\/logo\/image\/\",\"url\":\"https:\/\/xyte-mobility.com\/wp-content\/uploads\/2025\/08\/logo.svg\",\"contentUrl\":\"https:\/\/xyte-mobility.com\/wp-content\/uploads\/2025\/08\/logo.svg\",\"width\":142,\"height\":62,\"caption\":\"XYTE mobility\"},\"image\":{\"@id\":\"https:\/\/xyte-mobility.com\/fr\/#\/schema\/logo\/image\/\"},\"sameAs\":[\"https:\/\/www.linkedin.com\/company\/xytemobility\"]}]}<\/script>\n<!-- \/ Yoast SEO plugin. -->","yoast_head_json":{"title":"Nos partenaires - XYTE mobility","robots":{"index":"index","follow":"follow","max-snippet":"max-snippet:-1","max-image-preview":"max-image-preview:large","max-video-preview":"max-video-preview:-1"},"canonical":"https:\/\/xyte-mobility.com\/fr\/nos-partenaires\/","og_locale":"fr_FR","og_type":"article","og_title":"Nos partenaires - XYTE mobility","og_description":"Nos partenaires \u00ab Une exp\u00e9rience produit exceptionnelle repose sur un service exceptionnel. Gr\u00e2ce \u00e0 notre r\u00e9seau en pleine expansion dans les grandes villes europ\u00e9ennes, nos clients peuvent b\u00e9n\u00e9ficier d&rsquo;un entretien professionnel, d&rsquo;une assistance garantie et d&rsquo;essais routiers \u00e0 proximit\u00e9 de leur domicile et de leurs trajets quotidiens. \u00bb Gianfranco PizzutoDirecteur commercial Vous souhaitez devenir partenaire [&hellip;]","og_url":"https:\/\/xyte-mobility.com\/fr\/nos-partenaires\/","og_site_name":"XYTE mobility","article_modified_time":"2026-01-19T13:27:31+00:00","twitter_card":"summary_large_image","twitter_misc":{"Dur\u00e9e de lecture estim\u00e9e":"1 minute"},"schema":{"@context":"https:\/\/schema.org","@graph":[{"@type":"WebPage","@id":"https:\/\/xyte-mobility.com\/fr\/nos-partenaires\/","url":"https:\/\/xyte-mobility.com\/fr\/nos-partenaires\/","name":"Nos partenaires - XYTE mobility","isPartOf":{"@id":"https:\/\/xyte-mobility.com\/fr\/#website"},"datePublished":"2026-01-19T11:17:13+00:00","dateModified":"2026-01-19T13:27:31+00:00","breadcrumb":{"@id":"https:\/\/xyte-mobility.com\/fr\/nos-partenaires\/#breadcrumb"},"inLanguage":"fr-FR","potentialAction":[{"@type":"ReadAction","target":["https:\/\/xyte-mobility.com\/fr\/nos-partenaires\/"]}]},{"@type":"BreadcrumbList","@id":"https:\/\/xyte-mobility.com\/fr\/nos-partenaires\/#breadcrumb","itemListElement":[{"@type":"ListItem","position":1,"name":"Home","item":"https:\/\/xyte-mobility.com\/fr\/accueil\/"},{"@type":"ListItem","position":2,"name":"Nos partenaires"}]},{"@type":"WebSite","@id":"https:\/\/xyte-mobility.com\/fr\/#website","url":"https:\/\/xyte-mobility.com\/fr\/","name":"XYTE mobility","description":"","publisher":{"@id":"https:\/\/xyte-mobility.com\/fr\/#organization"},"potentialAction":[{"@type":"SearchAction","target":{"@type":"EntryPoint","urlTemplate":"https:\/\/xyte-mobility.com\/fr\/?s={search_term_string}"},"query-input":{"@type":"PropertyValueSpecification","valueRequired":true,"valueName":"search_term_string"}}],"inLanguage":"fr-FR"},{"@type":"Organization","@id":"https:\/\/xyte-mobility.com\/fr\/#organization","name":"XYTE mobility","url":"https:\/\/xyte-mobility.com\/fr\/","logo":{"@type":"ImageObject","inLanguage":"fr-FR","@id":"https:\/\/xyte-mobility.com\/fr\/#\/schema\/logo\/image\/","url":"https:\/\/xyte-mobility.com\/wp-content\/uploads\/2025\/08\/logo.svg","contentUrl":"https:\/\/xyte-mobility.com\/wp-content\/uploads\/2025\/08\/logo.svg","width":142,"height":62,"caption":"XYTE mobility"},"image":{"@id":"https:\/\/xyte-mobility.com\/fr\/#\/schema\/logo\/image\/"},"sameAs":["https:\/\/www.linkedin.com\/company\/xytemobility"]}]}},"_links":{"self":[{"href":"https:\/\/xyte-mobility.com\/fr\/wp-json\/wp\/v2\/pages\/3490","targetHints":{"allow":["GET"]}}],"collection":[{"href":"https:\/\/xyte-mobility.com\/fr\/wp-json\/wp\/v2\/pages"}],"about":[{"href":"https:\/\/xyte-mobility.com\/fr\/wp-json\/wp\/v2\/types\/page"}],"author":[{"embeddable":true,"href":"https:\/\/xyte-mobility.com\/fr\/wp-json\/wp\/v2\/users\/1"}],"replies":[{"embeddable":true,"href":"https:\/\/xyte-mobility.com\/fr\/wp-json\/wp\/v2\/comments?post=3490"}],"version-history":[{"count":3,"href":"https:\/\/xyte-mobility.com\/fr\/wp-json\/wp\/v2\/pages\/3490\/revisions"}],"predecessor-version":[{"id":3517,"href":"https:\/\/xyte-mobility.com\/fr\/wp-json\/wp\/v2\/pages\/3490\/revisions\/3517"}],"wp:attachment":[{"href":"https:\/\/xyte-mobility.com\/fr\/wp-json\/wp\/v2\/media?parent=3490"}],"curies":[{"name":"wp","href":"https:\/\/api.w.org\/{rel}","templated":true}]}}